{"id":7218,"date":"2026-01-11T21:16:00","date_gmt":"2026-01-11T20:16:00","guid":{"rendered":"https:\/\/aglossacademy.com\/product\/experto-en-gestion-de-protocolos-de-proteccion-ejecutiva\/"},"modified":"2026-02-23T14:53:14","modified_gmt":"2026-02-23T13:53:14","slug":"especialista-em-gestao-de-protocolos-de-protecao-executiva","status":"publish","type":"product","link":"https:\/\/aglossacademy.com\/pt\/produto\/especialista-em-gestao-de-protocolos-de-protecao-executiva\/","title":{"rendered":"Especialista em Gest\u00e3o de Protocolos de Prote\u00e7\u00e3o Executiva"},"content":{"rendered":"","protected":false},"excerpt":{"rendered":"","protected":false},"featured_media":0,"comment_status":"open","ping_status":"closed","template":"","meta":[],"product_brand":[],"product_cat":[15],"product_tag":[],"class_list":{"0":"post-7218","1":"product","2":"type-product","3":"status-publish","5":"product_cat-uncategorized","7":"first","8":"instock","9":"virtual","10":"sold-individually","11":"taxable","12":"purchasable","13":"product-type-simple"},"_links":{"self":[{"href":"https:\/\/aglossacademy.com\/pt\/wp-json\/wp\/v2\/product\/7218","targetHints":{"allow":["GET"]}}],"collection":[{"href":"https:\/\/aglossacademy.com\/pt\/wp-json\/wp\/v2\/product"}],"about":[{"href":"https:\/\/aglossacademy.com\/pt\/wp-json\/wp\/v2\/types\/product"}],"replies":[{"embeddable":true,"href":"https:\/\/aglossacademy.com\/pt\/wp-json\/wp\/v2\/comments?post=7218"}],"wp:attachment":[{"href":"https:\/\/aglossacademy.com\/pt\/wp-json\/wp\/v2\/media?parent=7218"}],"wp:term":[{"taxonomy":"product_brand","embeddable":true,"href":"https:\/\/aglossacademy.com\/pt\/wp-json\/wp\/v2\/product_brand?post=7218"},{"taxonomy":"product_cat","embeddable":true,"href":"https:\/\/aglossacademy.com\/pt\/wp-json\/wp\/v2\/product_cat?post=7218"},{"taxonomy":"product_tag","embeddable":true,"href":"https:\/\/aglossacademy.com\/pt\/wp-json\/wp\/v2\/product_tag?post=7218"}],"curies":[{"name":"wp","href":"https:\/\/api.w.org\/{rel}","templated":true}]}}