{"id":6853,"date":"2026-01-09T17:12:31","date_gmt":"2026-01-09T16:12:31","guid":{"rendered":"https:\/\/aglossacademy.com\/product\/iava-escenarios-practicos-del-protocolo-ava-intervencion-ante-ataques-violentos-armados\/"},"modified":"2026-02-11T22:02:07","modified_gmt":"2026-02-11T21:02:07","slug":"cenarios-praticos-da-iava-intervencao-do-protocolo-iava-em-ataques-armados-violentos","status":"publish","type":"product","link":"https:\/\/aglossacademy.com\/pt\/produto\/cenarios-praticos-da-iava-intervencao-do-protocolo-iava-em-ataques-armados-violentos\/","title":{"rendered":"(IAVA) Cen\u00e1rios Pr\u00e1ticos da Interven\u00e7\u00e3o do Protocolo AVA em Caso de Ataques Armados Violentos"},"content":{"rendered":"","protected":false},"excerpt":{"rendered":"","protected":false},"featured_media":6852,"comment_status":"open","ping_status":"closed","template":"","meta":[],"product_brand":[],"product_cat":[15],"product_tag":[],"class_list":{"0":"post-6853","1":"product","2":"type-product","3":"status-publish","4":"has-post-thumbnail","6":"product_cat-uncategorized","8":"first","9":"instock","10":"virtual","11":"sold-individually","12":"taxable","13":"purchasable","14":"product-type-simple"},"_links":{"self":[{"href":"https:\/\/aglossacademy.com\/pt\/wp-json\/wp\/v2\/product\/6853","targetHints":{"allow":["GET"]}}],"collection":[{"href":"https:\/\/aglossacademy.com\/pt\/wp-json\/wp\/v2\/product"}],"about":[{"href":"https:\/\/aglossacademy.com\/pt\/wp-json\/wp\/v2\/types\/product"}],"replies":[{"embeddable":true,"href":"https:\/\/aglossacademy.com\/pt\/wp-json\/wp\/v2\/comments?post=6853"}],"wp:featuredmedia":[{"embeddable":true,"href":"https:\/\/aglossacademy.com\/pt\/wp-json\/wp\/v2\/media\/6852"}],"wp:attachment":[{"href":"https:\/\/aglossacademy.com\/pt\/wp-json\/wp\/v2\/media?parent=6853"}],"wp:term":[{"taxonomy":"product_brand","embeddable":true,"href":"https:\/\/aglossacademy.com\/pt\/wp-json\/wp\/v2\/product_brand?post=6853"},{"taxonomy":"product_cat","embeddable":true,"href":"https:\/\/aglossacademy.com\/pt\/wp-json\/wp\/v2\/product_cat?post=6853"},{"taxonomy":"product_tag","embeddable":true,"href":"https:\/\/aglossacademy.com\/pt\/wp-json\/wp\/v2\/product_tag?post=6853"}],"curies":[{"name":"wp","href":"https:\/\/api.w.org\/{rel}","templated":true}]}}