{"id":6837,"date":"2026-01-09T00:49:26","date_gmt":"2026-01-08T23:49:26","guid":{"rendered":"https:\/\/aglossacademy.com\/product\/tasc-tecnicas-avanzadas-en-seguridad-y-criminologia\/"},"modified":"2026-01-09T00:59:39","modified_gmt":"2026-01-08T23:59:39","slug":"tecnicas-avancadas-em-seguranca-e-criminologia-tasc","status":"publish","type":"product","link":"https:\/\/aglossacademy.com\/pt\/produto\/tecnicas-avancadas-em-seguranca-e-criminologia-tasc\/","title":{"rendered":"(TASC) T\u00e9cnicas Avan\u00e7adas em Seguran\u00e7a e Criminologia"},"content":{"rendered":"","protected":false},"excerpt":{"rendered":"","protected":false},"featured_media":6838,"comment_status":"open","ping_status":"closed","template":"","meta":[],"product_brand":[],"product_cat":[15],"product_tag":[],"class_list":{"0":"post-6837","1":"product","2":"type-product","3":"status-publish","4":"has-post-thumbnail","6":"product_cat-uncategorized","8":"first","9":"instock","10":"virtual","11":"sold-individually","12":"taxable","13":"purchasable","14":"product-type-simple"},"_links":{"self":[{"href":"https:\/\/aglossacademy.com\/pt\/wp-json\/wp\/v2\/product\/6837","targetHints":{"allow":["GET"]}}],"collection":[{"href":"https:\/\/aglossacademy.com\/pt\/wp-json\/wp\/v2\/product"}],"about":[{"href":"https:\/\/aglossacademy.com\/pt\/wp-json\/wp\/v2\/types\/product"}],"replies":[{"embeddable":true,"href":"https:\/\/aglossacademy.com\/pt\/wp-json\/wp\/v2\/comments?post=6837"}],"wp:featuredmedia":[{"embeddable":true,"href":"https:\/\/aglossacademy.com\/pt\/wp-json\/wp\/v2\/media\/6838"}],"wp:attachment":[{"href":"https:\/\/aglossacademy.com\/pt\/wp-json\/wp\/v2\/media?parent=6837"}],"wp:term":[{"taxonomy":"product_brand","embeddable":true,"href":"https:\/\/aglossacademy.com\/pt\/wp-json\/wp\/v2\/product_brand?post=6837"},{"taxonomy":"product_cat","embeddable":true,"href":"https:\/\/aglossacademy.com\/pt\/wp-json\/wp\/v2\/product_cat?post=6837"},{"taxonomy":"product_tag","embeddable":true,"href":"https:\/\/aglossacademy.com\/pt\/wp-json\/wp\/v2\/product_tag?post=6837"}],"curies":[{"name":"wp","href":"https:\/\/api.w.org\/{rel}","templated":true}]}}