{"id":6080,"date":"2025-09-28T02:43:05","date_gmt":"2025-09-28T00:43:05","guid":{"rendered":"https:\/\/aglossacademy.com\/product\/radicalizacion-en-centros-penitenciarios-y-herramientas-de-valoracion-de-riesgo\/"},"modified":"2026-02-23T14:51:05","modified_gmt":"2026-02-23T13:51:05","slug":"radicalizacao-nas-prisoes-e-ferramentas-de-avaliacao-de-risco","status":"publish","type":"product","link":"https:\/\/aglossacademy.com\/pt\/produto\/radicalizacao-nas-prisoes-e-ferramentas-de-avaliacao-de-risco\/","title":{"rendered":"(RADI) Radicaliza\u00e7\u00e3o em Centros Penitenci\u00e1rios e Ferramentas de Avalia\u00e7\u00e3o de Risco"},"content":{"rendered":"","protected":false},"excerpt":{"rendered":"","protected":false},"featured_media":6081,"comment_status":"open","ping_status":"closed","template":"","meta":[],"product_brand":[],"product_cat":[15],"product_tag":[],"class_list":{"0":"post-6080","1":"product","2":"type-product","3":"status-publish","4":"has-post-thumbnail","6":"product_cat-uncategorized","8":"first","9":"instock","10":"virtual","11":"sold-individually","12":"taxable","13":"purchasable","14":"product-type-simple"},"_links":{"self":[{"href":"https:\/\/aglossacademy.com\/pt\/wp-json\/wp\/v2\/product\/6080","targetHints":{"allow":["GET"]}}],"collection":[{"href":"https:\/\/aglossacademy.com\/pt\/wp-json\/wp\/v2\/product"}],"about":[{"href":"https:\/\/aglossacademy.com\/pt\/wp-json\/wp\/v2\/types\/product"}],"replies":[{"embeddable":true,"href":"https:\/\/aglossacademy.com\/pt\/wp-json\/wp\/v2\/comments?post=6080"}],"wp:featuredmedia":[{"embeddable":true,"href":"https:\/\/aglossacademy.com\/pt\/wp-json\/wp\/v2\/media\/6081"}],"wp:attachment":[{"href":"https:\/\/aglossacademy.com\/pt\/wp-json\/wp\/v2\/media?parent=6080"}],"wp:term":[{"taxonomy":"product_brand","embeddable":true,"href":"https:\/\/aglossacademy.com\/pt\/wp-json\/wp\/v2\/product_brand?post=6080"},{"taxonomy":"product_cat","embeddable":true,"href":"https:\/\/aglossacademy.com\/pt\/wp-json\/wp\/v2\/product_cat?post=6080"},{"taxonomy":"product_tag","embeddable":true,"href":"https:\/\/aglossacademy.com\/pt\/wp-json\/wp\/v2\/product_tag?post=6080"}],"curies":[{"name":"wp","href":"https:\/\/api.w.org\/{rel}","templated":true}]}}