{"id":4486,"date":"2023-12-05T05:24:22","date_gmt":"2023-12-05T04:24:22","guid":{"rendered":"https:\/\/aglossacademy.com\/?page_id=4486"},"modified":"2026-03-02T14:07:56","modified_gmt":"2026-03-02T13:07:56","slug":"acordo-internacional","status":"publish","type":"page","link":"https:\/\/aglossacademy.com\/pt\/acordo-internacional\/","title":{"rendered":"Acordos Internacionais"},"content":{"rendered":"<div data-elementor-type=\"wp-page\" data-elementor-id=\"4486\" class=\"elementor elementor-4486\" data-elementor-post-type=\"page\">\n\t\t\t\t\t\t<section class=\"elementor-section elementor-top-section elementor-element elementor-element-3054667 elementor-section-full_width elementor-section-stretched elementor-section-height-default elementor-section-height-default\" data-id=\"3054667\" data-element_type=\"section\" data-e-type=\"section\" data-settings=\"{&quot;stretch_section&quot;:&quot;section-stretched&quot;}\">\n\t\t\t\t\t\t<div class=\"elementor-container elementor-column-gap-default\">\n\t\t\t\t\t<div class=\"elementor-column elementor-col-100 elementor-top-column elementor-element elementor-element-3107372\" data-id=\"3107372\" data-element_type=\"column\" data-e-type=\"column\">\n\t\t\t<div class=\"elementor-widget-wrap elementor-element-populated\">\n\t\t\t\t\t\t<section class=\"elementor-section elementor-inner-section elementor-element elementor-element-9fc3ba5 elementor-section-content-middle elementor-reverse-tablet elementor-reverse-mobile elementor-section-boxed elementor-section-height-default elementor-section-height-default\" data-id=\"9fc3ba5\" data-element_type=\"section\" data-e-type=\"section\">\n\t\t\t\t\t\t<div class=\"elementor-container elementor-column-gap-no\">\n\t\t\t\t\t<div class=\"elementor-column elementor-col-50 elementor-inner-column elementor-element elementor-element-fe3ae13\" data-id=\"fe3ae13\" data-element_type=\"column\" data-e-type=\"column\">\n\t\t\t<div class=\"elementor-widget-wrap elementor-element-populated\">\n\t\t\t\t\r\n\r\n\t\t<div class=\"elementor-element elementor-element-60f6e20 elementor-widget elementor-widget-edurasectiontitle\" data-id=\"60f6e20\" data-element_type=\"widget\" data-e-type=\"widget\" data-widget_type=\"edurasectiontitle.default\">\n\t\t\t\t<div class=\"elementor-widget-container\">\n\t\t\t\t\t<div class=\"title-area mb-50\" ><span class=\"sub-title subtitle-selector\"><i class=\"fal fa-book me-2\"><\/i>Nossos Conv\u00eanios<\/span><h2 class=\"sec-title title-selector\">Colabora\u00e7\u00e3o Internacional<\/h2><\/div>\t\t\t\t<\/div>\n\t\t\t\t<\/div>\n\t\t\t\t<div class=\"elementor-element elementor-element-645b2df elementor-widget elementor-widget-edurafaq\" data-id=\"645b2df\" data-element_type=\"widget\" data-e-type=\"widget\" data-widget_type=\"edurafaq.default\">\n\t\t\t\t<div class=\"elementor-widget-container\">\n\t\t\t\t\t\r\n\t\t<div class=\"accordion-area accordion\" id=\"faqAccordion1\">\r\n\t\t\t            <div class=\"accordion-card style4\">\r\n            \t                <div class=\"accordion-header\" id=\"collapse-item-69d85301879d7\">\r\n                    <button class=\"accordion-button\" type=\"button\" data-bs-toggle=\"collapse\"\r\n                        data-bs-target=\"#collapse-69d85301879d7\" aria-expanded=\"true\" aria-controls=\"collapse-69d85301879d7\">Acordos com Universidades e Entidades<\/button>\r\n                <\/div>\r\n                                                <div id=\"collapse-69d85301879d7\" class=\"accordion-collapse collapse show\"\r\n                    aria-labelledby=\"collapse-item-69d85301879d7\" data-bs-parent=\"#faqAccordion1\">\r\n                    <div class=\"accordion-body\">\r\n\t\t\t\t\t\t<p class=\"faq-text\"><ul><li>Universidade ALYCCEP<\/li><li>Universidade D\u014d<\/li><li>Observat\u00f3rio Internacional de Seguran\u00e7a Global<\/li><li>Globalock Treinamento<\/li><li>Defesa Ilimitada<\/li><\/ul><p>E mais... Contacte-nos para mais informa\u00e7\u00f5es.<\/p><\/p>\r\n                    <\/div>\r\n                <\/div>\r\n                            <\/div>\r\n                        <div class=\"accordion-card style4\">\r\n            \t                <div class=\"accordion-header\" id=\"collapse-item-69d8530187a4a\">\r\n                    <button class=\"accordion-button collapsed\" type=\"button\" data-bs-toggle=\"collapse\"\r\n                        data-bs-target=\"#collapse-69d8530187a4a\" aria-expanded=\"false\" aria-controls=\"collapse-69d8530187a4a\">Conv\u00eanios Institucionais<\/button>\r\n                <\/div>\r\n                                                <div id=\"collapse-69d8530187a4a\" class=\"accordion-collapse collapse\"\r\n                    aria-labelledby=\"collapse-item-69d8530187a4a\" data-bs-parent=\"#faqAccordion1\">\r\n                    <div class=\"accordion-body\">\r\n\t\t\t\t\t\t<p class=\"faq-text\"><ul><li>Dines Group Corp. Estados Unidos<\/li><li>Dinexos. Argentina<\/li><li>Academia de Forma\u00e7\u00e3o Profissional (ACAFOR). Argentina<\/li><li>Asocia\u00e7\u00e3o Mutual do Pessoal das For\u00e7as (AMUPEF). Argentina<\/li><\/ul><p>E mais... Contacte-nos para mais informa\u00e7\u00f5es.<\/p><\/p>\r\n                    <\/div>\r\n                <\/div>\r\n                            <\/div>\r\n                    <\/div>\r\n\r\n    \t\t\t\t<\/div>\n\t\t\t\t<\/div>\n\t\t\t\t\t<\/div>\n\t\t<\/div>\n\t\t\t\t<div class=\"elementor-column elementor-col-50 elementor-inner-column elementor-element elementor-element-15942e2\" data-id=\"15942e2\" data-element_type=\"column\" data-e-type=\"column\">\n\t\t\t<div class=\"elementor-widget-wrap elementor-element-populated\">\n\t\t\t\t\t\t<div class=\"elementor-element elementor-element-ad43f1b elementor-widget elementor-widget-image\" data-id=\"ad43f1b\" data-element_type=\"widget\" data-e-type=\"widget\" data-widget_type=\"image.default\">\n\t\t\t\t\t\t\t\t\t\t\t\t\t\t\t<img fetchpriority=\"high\" decoding=\"async\" width=\"2000\" height=\"1335\" src=\"https:\/\/aglossacademy.com\/wp-content\/uploads\/2023\/12\/business-people-shake-hands-international-flag-background.jpg\" class=\"attachment-full size-full wp-image-4494\" alt=\"Pessoas de neg\u00f3cios apertam as m\u00e3os, fundo de bandeira internacional\" srcset=\"https:\/\/aglossacademy.com\/wp-content\/uploads\/2023\/12\/business-people-shake-hands-international-flag-background.jpg 2000w, https:\/\/aglossacademy.com\/wp-content\/uploads\/2023\/12\/business-people-shake-hands-international-flag-background-300x200.jpg 300w, https:\/\/aglossacademy.com\/wp-content\/uploads\/2023\/12\/business-people-shake-hands-international-flag-background-1024x684.jpg 1024w, https:\/\/aglossacademy.com\/wp-content\/uploads\/2023\/12\/business-people-shake-hands-international-flag-background-768x513.jpg 768w, https:\/\/aglossacademy.com\/wp-content\/uploads\/2023\/12\/business-people-shake-hands-international-flag-background-1536x1025.jpg 1536w, https:\/\/aglossacademy.com\/wp-content\/uploads\/2023\/12\/business-people-shake-hands-international-flag-background-600x401.jpg 600w\" sizes=\"(max-width: 2000px) 100vw, 2000px\" \/>\t\t\t\t\t\t\t\t\t\t\t\t\t\t\t<\/div>\n\t\t\t\t\t<\/div>\n\t\t<\/div>\n\t\t\t\t\t<\/div>\n\t\t<\/section>\n\t\t\t\t\t<\/div>\n\t\t<\/div>\n\t\t\t\t\t<\/div>\n\t\t<\/section>\n\t\t\t\t<section class=\"elementor-section elementor-top-section elementor-element elementor-element-4d28e13 elementor-hidden-mobile elementor-section-boxed elementor-section-height-default elementor-section-height-default\" data-id=\"4d28e13\" data-element_type=\"section\" data-e-type=\"section\" data-settings=\"{&quot;background_background&quot;:&quot;classic&quot;}\">\n\t\t\t\t\t\t<div class=\"elementor-container elementor-column-gap-default\">\n\t\t\t\t\t<div class=\"elementor-column elementor-col-100 elementor-top-column elementor-element elementor-element-cee1170\" data-id=\"cee1170\" data-element_type=\"column\" data-e-type=\"column\">\n\t\t\t<div class=\"elementor-widget-wrap elementor-element-populated\">\n\t\t\t\t\t\t<div class=\"elementor-element elementor-element-e48df8c elementor-widget elementor-widget-edurabrandlogo\" data-id=\"e48df8c\" data-element_type=\"widget\" data-e-type=\"widget\" data-widget_type=\"edurabrandlogo.default\">\n\t\t\t\t<div class=\"elementor-widget-container\">\n\t\t\t\t\t\t\r\n\t\t\t<div class=\"row th-carousel text-center\" data-slide-show=\"8\" data-md-slide-show=\"6\">\r\n\t\t\t\t\t\t\t<div class=\"col-lg-12\">\r\n\t\t\t\t\t<a href=\"\" class=\"client-thumb\">\r\n\t\t\t\t\t\t<img decoding=\"async\" src=\"http:\/\/aglossacademy.com\/wp-content\/uploads\/2023\/12\/1.png\" alt=\"1\"  \/>\t\t\t\t\t<\/a>\r\n\t\t\t\t<\/div>\r\n\t\t\t\t\t\t\t<div class=\"col-lg-12\">\r\n\t\t\t\t\t<a href=\"\" class=\"client-thumb\">\r\n\t\t\t\t\t\t<img decoding=\"async\" src=\"http:\/\/aglossacademy.com\/wp-content\/uploads\/2023\/12\/2.png\" alt=\"2\"  \/>\t\t\t\t\t<\/a>\r\n\t\t\t\t<\/div>\r\n\t\t\t\t\t\t\t<div class=\"col-lg-12\">\r\n\t\t\t\t\t<a href=\"\" class=\"client-thumb\">\r\n\t\t\t\t\t\t<img decoding=\"async\" src=\"http:\/\/aglossacademy.com\/wp-content\/uploads\/2023\/12\/3.png\" alt=\"3\"  \/>\t\t\t\t\t<\/a>\r\n\t\t\t\t<\/div>\r\n\t\t\t\t\t\t\t<div class=\"col-lg-12\">\r\n\t\t\t\t\t<a href=\"\" class=\"client-thumb\">\r\n\t\t\t\t\t\t<img decoding=\"async\" src=\"http:\/\/aglossacademy.com\/wp-content\/uploads\/2023\/12\/4-1.png\" alt=\"4 1\"  \/>\t\t\t\t\t<\/a>\r\n\t\t\t\t<\/div>\r\n\t\t\t\t\t\t\t<div class=\"col-lg-12\">\r\n\t\t\t\t\t<a href=\"\" class=\"client-thumb\">\r\n\t\t\t\t\t\t<img decoding=\"async\" src=\"http:\/\/aglossacademy.com\/wp-content\/uploads\/2023\/12\/5-2.png\" alt=\"5 2\"  \/>\t\t\t\t\t<\/a>\r\n\t\t\t\t<\/div>\r\n\t\t\t\t\t\t\t<div class=\"col-lg-12\">\r\n\t\t\t\t\t<a href=\"#\" class=\"client-thumb\">\r\n\t\t\t\t\t\t<img decoding=\"async\" src=\"http:\/\/aglossacademy.com\/wp-content\/uploads\/2023\/12\/Diseno-sin-titulo-8.png\" alt=\"Design sem t\u00edtulo 8\"  \/>\t\t\t\t\t<\/a>\r\n\t\t\t\t<\/div>\r\n\t\t\t\t\t\t\t<div class=\"col-lg-12\">\r\n\t\t\t\t\t<a href=\"#\" class=\"client-thumb\">\r\n\t\t\t\t\t\t<img decoding=\"async\" src=\"http:\/\/aglossacademy.com\/wp-content\/uploads\/2023\/12\/Diseno-sin-titulo-9.png\" alt=\"Design sem t\u00edtulo 9\"  \/>\t\t\t\t\t<\/a>\r\n\t\t\t\t<\/div>\r\n\t\t\t\t\t\t\t<div class=\"col-lg-12\">\r\n\t\t\t\t\t<a href=\"#\" class=\"client-thumb\">\r\n\t\t\t\t\t\t<img decoding=\"async\" src=\"http:\/\/aglossacademy.com\/wp-content\/uploads\/2024\/01\/Diseno-sin-titulo-11.png\" alt=\"Design sem t\u00edtulo 11\"  \/>\t\t\t\t\t<\/a>\r\n\t\t\t\t<\/div>\r\n\t\t\t\t\t<\/div>\r\n\r\n\t\t\t\t\t<\/div>\n\t\t\t\t<\/div>\n\t\t\t\t\t<\/div>\n\t\t<\/div>\n\t\t\t\t\t<\/div>\n\t\t<\/section>\n\t\t\t\t<section class=\"elementor-section elementor-top-section elementor-element elementor-element-896ddb2 elementor-section-full_width elementor-section-stretched elementor-section-height-default elementor-section-height-default\" data-id=\"896ddb2\" data-element_type=\"section\" data-e-type=\"section\" data-settings=\"{&quot;stretch_section&quot;:&quot;section-stretched&quot;,&quot;background_background&quot;:&quot;classic&quot;}\">\n\t\t\t\t\t\t<div class=\"elementor-container elementor-column-gap-no\">\n\t\t\t\t\t<div class=\"elementor-column elementor-col-100 elementor-top-column elementor-element elementor-element-a9ac951\" data-id=\"a9ac951\" data-element_type=\"column\" data-e-type=\"column\" data-settings=\"{&quot;background_background&quot;:&quot;classic&quot;}\">\n\t\t\t<div class=\"elementor-widget-wrap elementor-element-populated\">\n\t\t\t\t\t\t<div class=\"elementor-element elementor-element-0d4de25 elementor-widget elementor-widget-eduracta\" data-id=\"0d4de25\" data-element_type=\"widget\" data-e-type=\"widget\" data-widget_type=\"eduracta.default\">\n\t\t\t\t<div class=\"elementor-widget-container\">\n\t\t\t\t\t<div class=\"cta-area-1\" data-bg-src=\"https:\/\/aglossacademy.com\/wp-content\/uploads\/2023\/07\/cta-bg1.png\"><div class=\"container\"><div class=\"row align-items-center justify-content-between\"><div class=\"col-lg-8\"><div class=\"cta-wrap title-area mb-0\"><div class=\"cta-content\"><h2 class=\"cta-title th-title sec-title\">Descubra mais<\/h2><p class=\"cta-text th-desc\">Saiba mais sobre nosso cat\u00e1logo de cursos<\/p><\/div><a href=\"https:\/\/aglossacademy.com\/pt\/curso-9\/\" class=\"th-btn th_btn style8\">Ver tudo<i class=\"fa-regular fa-arrow-right ms-1\"><\/i><\/a><\/div><\/div><\/div><\/div><div class=\"cta-img-1\" data-overlay=\"title\" data-opacity=\"8\"><img decoding=\"async\" src=\"http:\/\/aglossacademy.com\/wp-content\/uploads\/2023\/12\/cybersecurity-computer-and-global-network-info-with-map-graphic-for-phishing-and-hacker-data-cybe.jpg\" alt=\"Imagem\"><\/div><\/div>\t\t\t\t<\/div>\n\t\t\t\t<\/div>\n\t\t\t\t\t<\/div>\n\t\t<\/div>\n\t\t\t\t\t<\/div>\n\t\t<\/section>\n\t\t\t\t<section class=\"elementor-section elementor-top-section elementor-element elementor-element-1dfa978 elementor-section-content-middle elementor-section-boxed elementor-section-height-default elementor-section-height-default\" data-id=\"1dfa978\" data-element_type=\"section\" data-e-type=\"section\">\n\t\t\t\t\t\t<div class=\"elementor-container elementor-column-gap-no\">\n\t\t\t\t\t<div class=\"elementor-column elementor-col-50 elementor-top-column elementor-element elementor-element-10dc95b\" data-id=\"10dc95b\" data-element_type=\"column\" data-e-type=\"column\">\n\t\t\t<div class=\"elementor-widget-wrap elementor-element-populated\">\n\t\t\t\t\t\t<div class=\"elementor-element elementor-element-46c2429 elementor-widget elementor-widget-edurasectiontitle\" data-id=\"46c2429\" data-element_type=\"widget\" data-e-type=\"widget\" data-widget_type=\"edurasectiontitle.default\">\n\t\t\t\t<div class=\"elementor-widget-container\">\n\t\t\t\t\t<div class=\"title-area mb-50\" ><span class=\"sub-title subtitle-selector\"><i class=\"fal fa-book me-2\"><\/i>Nossos Parceiros<\/span><h2 class=\"sec-title title-selector\">Temos mais de  <span class=\"text-theme\"><span class=\"counter-number\">20<\/span>+<\/span> Parceiros Globais<\/h2><\/div>\t\t\t\t<\/div>\n\t\t\t\t<\/div>\n\t\t\t\t\t<\/div>\n\t\t<\/div>\n\t\t\t\t<div class=\"elementor-column elementor-col-50 elementor-top-column elementor-element elementor-element-060278a\" data-id=\"060278a\" data-element_type=\"column\" data-e-type=\"column\">\n\t\t\t<div class=\"elementor-widget-wrap elementor-element-populated\">\n\t\t\t\t\t\t<div class=\"elementor-element elementor-element-7a5dc27 elementor-widget elementor-widget-edurabrandlogo\" data-id=\"7a5dc27\" data-element_type=\"widget\" data-e-type=\"widget\" data-widget_type=\"edurabrandlogo.default\">\n\t\t\t\t<div class=\"elementor-widget-container\">\n\t\t\t\t\t\t\r\n\t        <div class=\"client-wrap text-lg-end text-center\">\r\n            <div class=\"row gy-40\">\r\n                                <div class=\"col-3\">\r\n                    <a href=\"#\" class=\"client-thumb\">\r\n                        <img decoding=\"async\" src=\"https:\/\/aglossacademy.com\/wp-content\/uploads\/2025\/12\/Logos-A-GLOSS-Academy-15.png\" alt=\"Logotipos da GLOSS Academy 15\"  \/>                    <\/a>\r\n                <\/div>\r\n                                <div class=\"col-3\">\r\n                    <a href=\"#\" class=\"client-thumb\">\r\n                        <img decoding=\"async\" src=\"http:\/\/aglossacademy.com\/wp-content\/uploads\/2023\/12\/11-1.png\" alt=\"11 1\"  \/>                    <\/a>\r\n                <\/div>\r\n                                <div class=\"col-3\">\r\n                    <a href=\"#\" class=\"client-thumb\">\r\n                        <img decoding=\"async\" src=\"http:\/\/aglossacademy.com\/wp-content\/uploads\/2023\/12\/A-GLOSS-Academy.png\" alt=\"Uma Academia GLOSS\"  \/>                    <\/a>\r\n                <\/div>\r\n                                <div class=\"col-3\">\r\n                    <a href=\"#\" class=\"client-thumb\">\r\n                        <img decoding=\"async\" src=\"http:\/\/aglossacademy.com\/wp-content\/uploads\/2023\/12\/22.png\" alt=\"22\"  \/>                    <\/a>\r\n                <\/div>\r\n                                <div class=\"col-3\">\r\n                    <a href=\"#\" class=\"client-thumb\">\r\n                        <img decoding=\"async\" src=\"https:\/\/aglossacademy.com\/wp-content\/uploads\/2025\/12\/Logos-A-GLOSS-Academy-8.png\" alt=\"Logotipos A GLOSS Academia 8\"  \/>                    <\/a>\r\n                <\/div>\r\n                                <div class=\"col-3\">\r\n                    <a href=\"#\" class=\"client-thumb\">\r\n                        <img decoding=\"async\" src=\"https:\/\/aglossacademy.com\/wp-content\/uploads\/2026\/01\/Diseno-sin-titulo-31.png\" alt=\"Design sem t\u00edtulo 31\"  \/>                    <\/a>\r\n                <\/div>\r\n                                <div class=\"col-3\">\r\n                    <a href=\"#\" class=\"client-thumb\">\r\n                        <img decoding=\"async\" src=\"https:\/\/aglossacademy.com\/wp-content\/uploads\/2025\/12\/Logos-A-GLOSS-Academy-11.png\" alt=\"Logotipos A GLOSS Academia 11\"  \/>                    <\/a>\r\n                <\/div>\r\n                                <div class=\"col-3\">\r\n                    <a href=\"#\" class=\"client-thumb\">\r\n                        <img decoding=\"async\" src=\"http:\/\/aglossacademy.com\/wp-content\/uploads\/2023\/12\/6.png\" alt=\"6\"  \/>                    <\/a>\r\n                <\/div>\r\n                            <\/div>\r\n        <\/div>\r\n\r\n    \t\t\t\t<\/div>\n\t\t\t\t<\/div>\n\t\t\t\t\t<\/div>\n\t\t<\/div>\n\t\t\t\t\t<\/div>\n\t\t<\/section>\n\t\t\t\t<\/div>","protected":false},"excerpt":{"rendered":"<p>Nossos Acordos de Coopera\u00e7\u00e3o Internacional Acordos com Universidades e Entidades ALYCCEP University Universidad D\u014d Observat\u00f3rio Internacional de Seguran\u00e7a Global Globalock Training Defence Unlimited E mais\u2026 Contacte-nos para mais informa\u00e7\u00f5es. Acordos Institucionais Dines Group Corp. Estados Unidos Dinexos. Argentina Academia de Forma\u00e7\u00e3o Profissional (ACAFOR). Argentina Associa\u00e7\u00e3o Mutual do Pessoal das For\u00e7as (AMUPEF). Argentina E mais\u2026 Contacte-nos\u2026<\/p>","protected":false},"author":1,"featured_media":0,"parent":0,"menu_order":0,"comment_status":"closed","ping_status":"closed","template":"","meta":{"footnotes":""},"class_list":["post-4486","page","type-page","status-publish","hentry"],"_links":{"self":[{"href":"https:\/\/aglossacademy.com\/pt\/wp-json\/wp\/v2\/pages\/4486","targetHints":{"allow":["GET"]}}],"collection":[{"href":"https:\/\/aglossacademy.com\/pt\/wp-json\/wp\/v2\/pages"}],"about":[{"href":"https:\/\/aglossacademy.com\/pt\/wp-json\/wp\/v2\/types\/page"}],"author":[{"embeddable":true,"href":"https:\/\/aglossacademy.com\/pt\/wp-json\/wp\/v2\/users\/1"}],"replies":[{"embeddable":true,"href":"https:\/\/aglossacademy.com\/pt\/wp-json\/wp\/v2\/comments?post=4486"}],"version-history":[{"count":5,"href":"https:\/\/aglossacademy.com\/pt\/wp-json\/wp\/v2\/pages\/4486\/revisions"}],"predecessor-version":[{"id":7440,"href":"https:\/\/aglossacademy.com\/pt\/wp-json\/wp\/v2\/pages\/4486\/revisions\/7440"}],"wp:attachment":[{"href":"https:\/\/aglossacademy.com\/pt\/wp-json\/wp\/v2\/media?parent=4486"}],"curies":[{"name":"wp","href":"https:\/\/api.w.org\/{rel}","templated":true}]}}