{"id":4065,"date":"2023-07-11T03:59:23","date_gmt":"2023-07-11T03:59:23","guid":{"rendered":"https:\/\/themeholy.com\/wordpress\/edura\/index.php\/dashboard\/"},"modified":"2025-09-16T20:37:48","modified_gmt":"2025-09-16T18:37:48","slug":"painel","status":"publish","type":"page","link":"https:\/\/aglossacademy.com\/pt\/painel\/","title":{"rendered":"Painel"},"content":{"rendered":"<a data-login_url=\"\" href=\"#\" class=\"tutor-open-login-modal\">Entrem<\/a> para visualizar esta p\u00e1gina.","protected":false},"excerpt":{"rendered":"<p>Fa\u00e7a login para visualizar esta p\u00e1gina.<\/p>","protected":false},"author":1,"featured_media":0,"parent":0,"menu_order":0,"comment_status":"closed","ping_status":"closed","template":"","meta":{"footnotes":""},"class_list":["post-4065","page","type-page","status-publish","hentry","page--item"],"_links":{"self":[{"href":"https:\/\/aglossacademy.com\/pt\/wp-json\/wp\/v2\/pages\/4065","targetHints":{"allow":["GET"]}}],"collection":[{"href":"https:\/\/aglossacademy.com\/pt\/wp-json\/wp\/v2\/pages"}],"about":[{"href":"https:\/\/aglossacademy.com\/pt\/wp-json\/wp\/v2\/types\/page"}],"author":[{"embeddable":true,"href":"https:\/\/aglossacademy.com\/pt\/wp-json\/wp\/v2\/users\/1"}],"replies":[{"embeddable":true,"href":"https:\/\/aglossacademy.com\/pt\/wp-json\/wp\/v2\/comments?post=4065"}],"version-history":[{"count":1,"href":"https:\/\/aglossacademy.com\/pt\/wp-json\/wp\/v2\/pages\/4065\/revisions"}],"predecessor-version":[{"id":5752,"href":"https:\/\/aglossacademy.com\/pt\/wp-json\/wp\/v2\/pages\/4065\/revisions\/5752"}],"wp:attachment":[{"href":"https:\/\/aglossacademy.com\/pt\/wp-json\/wp\/v2\/media?parent=4065"}],"curies":[{"name":"wp","href":"https:\/\/api.w.org\/{rel}","templated":true}]}}