{"id":389,"date":"2023-07-16T02:14:42","date_gmt":"2023-07-16T02:14:42","guid":{"rendered":"https:\/\/themeholy.com\/wordpress\/edura\/?page_id=389"},"modified":"2026-02-23T14:08:44","modified_gmt":"2026-02-23T13:08:44","slug":"contato","status":"publish","type":"page","link":"https:\/\/aglossacademy.com\/pt\/contato\/","title":{"rendered":"Contato"},"content":{"rendered":"<div data-elementor-type=\"wp-page\" data-elementor-id=\"389\" class=\"elementor elementor-389\" data-elementor-post-type=\"page\">\n\t\t\t\t\t\t<section class=\"elementor-section elementor-top-section elementor-element elementor-element-ebe9513 elementor-section-boxed elementor-section-height-default elementor-section-height-default\" data-id=\"ebe9513\" data-element_type=\"section\" data-e-type=\"section\">\n\t\t\t\t\t\t<div class=\"elementor-container elementor-column-gap-no\">\n\t\t\t\t\t<div class=\"elementor-column elementor-col-100 elementor-top-column elementor-element elementor-element-dc85bd2\" data-id=\"dc85bd2\" data-element_type=\"column\" data-e-type=\"column\">\n\t\t\t<div class=\"elementor-widget-wrap elementor-element-populated\">\n\t\t\t\t\t\t<section class=\"elementor-section elementor-inner-section elementor-element elementor-element-fe0a3ec map-sec elementor-section-boxed elementor-section-height-default elementor-section-height-default\" data-id=\"fe0a3ec\" data-element_type=\"section\" data-e-type=\"section\">\n\t\t\t\t\t\t<div class=\"elementor-container elementor-column-gap-no\">\n\t\t\t\t\t<div class=\"elementor-column elementor-col-100 elementor-inner-column elementor-element elementor-element-8168757  map\" data-id=\"8168757\" data-element_type=\"column\" data-e-type=\"column\">\n\t\t\t<div class=\"elementor-widget-wrap elementor-element-populated\">\n\t\t\t\t\t\t<div class=\"elementor-element elementor-element-901322e elementor-widget elementor-widget-google_maps\" data-id=\"901322e\" data-element_type=\"widget\" data-e-type=\"widget\" data-widget_type=\"google_maps.default\">\n\t\t\t\t\t\t\t<div class=\"elementor-custom-embed\">\n\t\t\t<iframe loading=\"lazy\"\n\t\t\t\t\tsrc=\"https:\/\/maps.google.com\/maps?q=Calle%20Albasanz%2C%2075%201%20E%20Madrid%2C%20Espa%C3%B1a&#038;t=m&#038;z=10&#038;output=embed&#038;iwloc=near\"\n\t\t\t\t\ttitle=\"Calle Albasanz, 75 1 E Madrid, Espanha\"\n\t\t\t\t\taria-label=\"Calle Albasanz, 75 1 E Madrid, Espanha\"\n\t\t\t><\/iframe>\n\t\t<\/div>\n\t\t\t\t\t\t<\/div>\n\t\t\t\t\t<\/div>\n\t\t<\/div>\n\t\t\t\t\t<\/div>\n\t\t<\/section>\n\t\t\t\t<section class=\"elementor-section elementor-inner-section elementor-element elementor-element-c9592c7 elementor-section-boxed elementor-section-height-default elementor-section-height-default\" data-id=\"c9592c7\" data-element_type=\"section\" data-e-type=\"section\">\n\t\t\t\t\t\t<div class=\"elementor-container elementor-column-gap-no\">\n\t\t\t\t\t<div class=\"elementor-column elementor-col-50 elementor-inner-column elementor-element elementor-element-5696c14\" data-id=\"5696c14\" data-element_type=\"column\" data-e-type=\"column\">\n\t\t\t<div class=\"elementor-widget-wrap elementor-element-populated\">\n\t\t\t\t\t\t<div class=\"elementor-element elementor-element-c845d99 border-title h3 elementor-widget elementor-widget-heading\" data-id=\"c845d99\" data-element_type=\"widget\" data-e-type=\"widget\" data-widget_type=\"heading.default\">\n\t\t\t\t\t<h2 class=\"elementor-heading-title elementor-size-default\">Tem d\u00favidas?<\/h2>\t\t\t\t<\/div>\n\t\t\r\n\r\n\t\t<div class=\"elementor-element elementor-element-b41e393 elementor-widget elementor-widget-text-editor\" data-id=\"b41e393\" data-element_type=\"widget\" data-e-type=\"widget\" data-widget_type=\"text-editor.default\">\n\t\t\t\t\t\t\t\t\t<p class=\"mt-n2 mb-25\">Preencha o formul\u00e1rio ou envie-nos uma mensagem em qualquer uma de nossas redes abaixo.<\/p>\t\t\t\t\t\t\t\t<\/div>\n\t\t\t\t<div class=\"elementor-element elementor-element-a2e13dd elementor-widget elementor-widget-eduracontactinfo\" data-id=\"a2e13dd\" data-element_type=\"widget\" data-e-type=\"widget\" data-widget_type=\"eduracontactinfo.default\">\n\t\t\t\t<div class=\"elementor-widget-container\">\n\t\t\t\t\t        <div class=\"contact-feature\"><div class=\"contact-feature-icon th-icon\"><i class=\"fal fa-location-dot\"><\/i><\/div><div class=\"media-body\"><p class=\"contact-feature_label th-title\">Endere\u00e7o<\/p><a href=\"https:\/\/www.agloss.es\/\" class=\"contact-feature_link th-info\" target=\"_blank\" rel=\"noopener\">Rua Ciudad de Fr\u00edas N\u00ba 24-32, Nave 21, 28021, Madrid<\/a><\/div><\/div><div class=\"contact-feature\"><div class=\"contact-feature-icon th-icon\"><i class=\"fal fa-mailbox\"><\/i><\/div><div class=\"media-body\"><p class=\"contact-feature_label th-title\">Contato Acad\u00eamico<\/p><span class=\"contact-feature_link\">info@aglossacademy.com<\/span><span class=\"contact-feature_link\">alumno@aglossacademy.com<\/span><\/div><\/div>\t\t\t\t<\/div>\n\t\t\t\t<\/div>\n\t\t\t\t\t<\/div>\n\t\t<\/div>\n\t\t\t\t<div class=\"elementor-column elementor-col-50 elementor-inner-column elementor-element elementor-element-f635e8d\" data-id=\"f635e8d\" data-element_type=\"column\" data-e-type=\"column\">\n\t\t\t<div class=\"elementor-widget-wrap elementor-element-populated\">\n\t\t\t\t\t\t<div class=\"elementor-element elementor-element-9fb9b2c elementor-widget elementor-widget-eduracontactform\" data-id=\"9fb9b2c\" data-element_type=\"widget\" data-e-type=\"widget\" data-widget_type=\"eduracontactform.default\">\n\t\t\t\t<div class=\"elementor-widget-container\">\n\t\t\t\t\t\t\t<div class=\"contact-form-wrap th-bg\" data-bg-src=\"\"><span class=\"sub-title th-sub\">Contacte-nos<\/span><h2 class=\"border-title th-title\">Envie-nos uma mensagem<\/h2><p class=\"mt-n1 mb-30 sec-text th-desc\">Complete o seguinte formul\u00e1rio e entraremos em contato o mais breve poss\u00edvel. Detalhe ao m\u00e1ximo sua consulta para que possamos ajud\u00e1-lo.<\/p><div class=\"contact-form ajax-contact\">\n<div class=\"wpcf7 no-js\" id=\"wpcf7-f2426-o1\" lang=\"en-US\" dir=\"ltr\" data-wpcf7-id=\"2426\">\n<div class=\"screen-reader-response\"><p role=\"status\" aria-live=\"polite\" aria-atomic=\"true\"><\/p> <ul><\/ul><\/div>\n<form action=\"\/pt\/wp-json\/wp\/v2\/pages\/389#wpcf7-f2426-o1\" method=\"post\" class=\"wpcf7-form init\" aria-label=\"Formul\u00e1rio de Contato\" novalidate=\"novalidate\" data-status=\"init\" data-trp-original-action=\"\/pt\/wp-json\/wp\/v2\/pages\/389#wpcf7-f2426-o1\">\n<fieldset class=\"hidden-fields-container\"><input type=\"hidden\" name=\"_wpcf7\" value=\"2426\" \/><input type=\"hidden\" name=\"_wpcf7_version\" value=\"6.1.5\" \/><input type=\"hidden\" name=\"_wpcf7_locale\" value=\"en_US\" \/><input type=\"hidden\" name=\"_wpcf7_unit_tag\" value=\"wpcf7-f2426-o1\" \/><input type=\"hidden\" name=\"_wpcf7_container_post\" value=\"0\" \/><input type=\"hidden\" name=\"_wpcf7_posted_data_hash\" value=\"\" \/>\n<\/fieldset>\n<div class=\"row\">\n    <div class=\"col-md-6\">\n        <div class=\"form-group\">\n <span class=\"wpcf7-form-control-wrap\" data-name=\"text-307\"><input size=\"40\" maxlength=\"400\" class=\"wpcf7-form-control wpcf7-text wpcf7-validates-as-required form-control style-white\" id=\"text-307\" aria-required=\"true\" aria-invalid=\"false\" placeholder=\"Nome*\" value=\"\" type=\"text\" name=\"text-307\" \/><\/span>\n            <i class=\"fal fa-user\"><\/i>\n        <\/div>\n    <\/div>\n    <div class=\"col-md-6\">\n        <div class=\"form-group\">\n<span class=\"wpcf7-form-control-wrap\" data-name=\"email-174\"><input size=\"40\" maxlength=\"400\" class=\"wpcf7-form-control wpcf7-email wpcf7-text wpcf7-validates-as-email form-control style-white\" id=\"email-174\" aria-invalid=\"false\" placeholder=\"Correio eletr\u00f4nico*\" value=\"\" type=\"email\" name=\"email-174\" \/><\/span>\n            <i class=\"fal fa-envelope\"><\/i>\n        <\/div>\n    <\/div>\n    <div class=\"col-md-6\">\n        <div class=\"form-group\">\n<span class=\"wpcf7-form-control-wrap\" data-name=\"menu-700\"><select class=\"wpcf7-form-control wpcf7-select single-select nice-select form-control style-white\" aria-invalid=\"false\" name=\"menu-700\"><option value=\"Motivo\">Motivo<\/option><option value=\"Certificaci\u00f3n ISO\">Certifica\u00e7\u00e3o ISO<\/option><option value=\"Inscripci\u00f3n\">Inscri\u00e7\u00e3o<\/option><option value=\"Trabajar con nosotros\">Trabalhe conosco<\/option><option value=\"Otro\">Outro<\/option><option value=\"Validaci\u00f3n VAE\">Valida\u00e7\u00e3o VAE<\/option><\/select><\/span>        <\/div>\n    <\/div>\n    <div class=\"col-md-6\">\n        <div class=\"form-group\">\n<span class=\"wpcf7-form-control-wrap\" data-name=\"tel-799\"><input size=\"40\" maxlength=\"400\" class=\"wpcf7-form-control wpcf7-tel wpcf7-text wpcf7-validates-as-tel form-control style-white\" id=\"tel-799\" aria-invalid=\"false\" placeholder=\"Telefone*\" value=\"\" type=\"tel\" name=\"tel-799\" \/><\/span>\n            <i class=\"fal fa-phone\"><\/i>\n        <\/div>\n    <\/div>\n    <div class=\"col-12\">\n        <div class=\"form-group\">\n<span class=\"wpcf7-form-control-wrap\" data-name=\"textarea-226\"><textarea cols=\"40\" rows=\"10\" maxlength=\"2000\" class=\"wpcf7-form-control wpcf7-textarea form-control style-white\" id=\"textarea-226\" aria-invalid=\"false\" placeholder=\"Escreva sua mensagem*\" name=\"textarea-226\"><\/textarea><\/span>\n            <i class=\"fal fa-pen\"><\/i>\n        <\/div>\n    <\/div>\n    <div class=\"form-btn col-12 mt-10\">\n        <button class=\"th-btn th_btn wpcf7\">Enviar mensagem<i class=\"fas fa-long-arrow-right ms-2\"><\/i><\/button>\n    <\/div>\n<\/div>\n<p class=\"form-messages mb-0 mt-3\"><\/p><div class=\"wpcf7-response-output\" aria-hidden=\"true\"><\/div>\n<input type=\"hidden\" name=\"trp-form-language\" value=\"pt\"\/><\/form>\n<\/div>\n<\/div><\/div>\t\t\t\t<\/div>\n\t\t\t\t<\/div>\n\t\t\t\t\t<\/div>\n\t\t<\/div>\n\t\t\t\t\t<\/div>\n\t\t<\/section>\n\t\t\t\t\t<\/div>\n\t\t<\/div>\n\t\t\t\t\t<\/div>\n\t\t<\/section>\n\t\t\t\t<\/div>","protected":false},"excerpt":{"rendered":"<p>\u00bfTienes preguntas? Completa el formulario o env\u00edanos uma mensagem para qualquer uma de nossas redes abaixo. Endere\u00e7o Rua Cidade de Fr\u00edas N.\u00ba 24-32, Nave 21, 28021, Madrid Contato Acad\u00eamico info@aglossacademy.comalumno@aglossacademy.com Contate-nos Envie-nos uma mensagem Preencha o formul\u00e1rio a seguir e entraremos em contato o mais breve poss\u00edvel. Detalhe sua pergunta o m\u00e1ximo poss\u00edvel para que possamos\u2026<\/p>","protected":false},"author":1,"featured_media":0,"parent":0,"menu_order":0,"comment_status":"closed","ping_status":"closed","template":"template-builder.php","meta":{"footnotes":""},"class_list":["post-389","page","type-page","status-publish","hentry"],"_links":{"self":[{"href":"https:\/\/aglossacademy.com\/pt\/wp-json\/wp\/v2\/pages\/389","targetHints":{"allow":["GET"]}}],"collection":[{"href":"https:\/\/aglossacademy.com\/pt\/wp-json\/wp\/v2\/pages"}],"about":[{"href":"https:\/\/aglossacademy.com\/pt\/wp-json\/wp\/v2\/types\/page"}],"author":[{"embeddable":true,"href":"https:\/\/aglossacademy.com\/pt\/wp-json\/wp\/v2\/users\/1"}],"replies":[{"embeddable":true,"href":"https:\/\/aglossacademy.com\/pt\/wp-json\/wp\/v2\/comments?post=389"}],"version-history":[{"count":3,"href":"https:\/\/aglossacademy.com\/pt\/wp-json\/wp\/v2\/pages\/389\/revisions"}],"predecessor-version":[{"id":7430,"href":"https:\/\/aglossacademy.com\/pt\/wp-json\/wp\/v2\/pages\/389\/revisions\/7430"}],"wp:attachment":[{"href":"https:\/\/aglossacademy.com\/pt\/wp-json\/wp\/v2\/media?parent=389"}],"curies":[{"name":"wp","href":"https:\/\/api.w.org\/{rel}","templated":true}]}}