{"id":388,"date":"2023-07-16T02:14:35","date_gmt":"2023-07-16T02:14:35","guid":{"rendered":"https:\/\/themeholy.com\/wordpress\/edura\/?page_id=388"},"modified":"2026-01-27T04:57:17","modified_gmt":"2026-01-27T03:57:17","slug":"sobre","status":"publish","type":"page","link":"https:\/\/aglossacademy.com\/pt\/sobre\/","title":{"rendered":"Institucional"},"content":{"rendered":"<div data-elementor-type=\"wp-page\" data-elementor-id=\"388\" class=\"elementor elementor-388\" data-elementor-post-type=\"page\">\n\t\t\t\t\t\t<section class=\"elementor-section elementor-top-section elementor-element elementor-element-5372930 elementor-section-boxed elementor-section-height-default elementor-section-height-default\" data-id=\"5372930\" data-element_type=\"section\" data-e-type=\"section\">\n\t\t\t\t\t\t<div class=\"elementor-container elementor-column-gap-no\">\n\t\t\t\t\t<div class=\"elementor-column elementor-col-100 elementor-top-column elementor-element elementor-element-194df6a\" data-id=\"194df6a\" data-element_type=\"column\" data-e-type=\"column\">\n\t\t\t<div class=\"elementor-widget-wrap elementor-element-populated\">\n\t\t\t\t\r\n\r\n\t\t<div class=\"elementor-element elementor-element-cf189ef elementor-widget elementor-widget-edurasectiontitle\" data-id=\"cf189ef\" data-element_type=\"widget\" data-e-type=\"widget\" data-widget_type=\"edurasectiontitle.default\">\n\t\t\t\t<div class=\"elementor-widget-container\">\n\t\t\t\t\t<div class=\"title-area mb-50\" ><span class=\"sub-title subtitle-selector\"><i class=\"fal fa-book me-2\"><\/i>O que fazemos?<\/span><h2 class=\"sec-title title-selector\">Trabalhamos com a Seguran\u00e7a Global<\/h2><\/div>\t\t\t\t<\/div>\n\t\t\t\t<\/div>\n\t\t\t\t<div class=\"elementor-element elementor-element-ee1749d elementor-widget elementor-widget-edurafeature\" data-id=\"ee1749d\" data-element_type=\"widget\" data-e-type=\"widget\" data-widget_type=\"edurafeature.default\">\n\t\t\t\t<div class=\"elementor-widget-container\">\n\t\t\t\t\t<div class=\"row gy-4 justify-content-center\"><div class=\"col-md-6 col-lg-4\"><div class=\"service-card style3\"><div class=\"service-card-content\"><h3 class=\"box-title th-title\">Ciberseguran\u00e7a<\/h3><p class=\"service-card-text th-desc\">Especialistas na implementa\u00e7\u00e3o de t\u00e9cnicas de seguran\u00e7a cibern\u00e9tica, oferecendo consultoria e protocolos personalizados para resguardar a integridade digital de institui\u00e7\u00f5es e empresas a n\u00edvel global.<\/p><\/div><\/div><\/div><div class=\"col-md-6 col-lg-4\"><div class=\"service-card style3\"><div class=\"service-card-content\"><h3 class=\"box-title th-title\">Emerg\u00eancias<\/h3><p class=\"service-card-text th-desc\">Especialistas na gest\u00e3o de emerg\u00eancias com enfoque na resolu\u00e7\u00e3o eficaz de crises, proporcionando opera\u00e7\u00f5es in situ e estrat\u00e9gias proativas de resposta para clientes internacionais.<\/p><\/div><\/div><\/div><div class=\"col-md-6 col-lg-4\"><div class=\"service-card style3\"><div class=\"service-card-content\"><h3 class=\"box-title th-title\">Intelig\u00eancia<\/h3><p class=\"service-card-text th-desc\">Fornecemos servi\u00e7os de intelig\u00eancia e contraintelig\u00eancia, utilizando as metodologias mais avan\u00e7adas para antecipar-nos e responder \u00e0s amea\u00e7as e necessidades de seguran\u00e7a global.<\/p><\/div><\/div><\/div><div class=\"col-md-6 col-lg-4\"><div class=\"service-card style3\"><div class=\"service-card-content\"><h3 class=\"box-title th-title\">Investiga\u00e7\u00e3o<\/h3><p class=\"service-card-text th-desc\">Com uma s\u00f3lida atua\u00e7\u00e3o na Am\u00e9rica Latina, \u00c1frica e Europa, especializamo-nos em investiga\u00e7\u00f5es que fortalecem a paz e o desenvolvimento internacional atrav\u00e9s da seguran\u00e7a e da coopera\u00e7\u00e3o.<\/p><\/div><\/div><\/div><div class=\"col-md-6 col-lg-4\"><div class=\"service-card style3\"><div class=\"service-card-content\"><h3 class=\"box-title th-title\">Seguran\u00e7a Integral<\/h3><p class=\"service-card-text th-desc\">Oferecemos um conjunto completo de servi\u00e7os de seguran\u00e7a, tanto p\u00fablicos quanto privados, adaptando as nossas solu\u00e7\u00f5es aos ambientes din\u00e2micos e complexos dos nossos clientes a n\u00edvel mundial.<\/p><\/div><\/div><\/div><div class=\"col-md-6 col-lg-4\"><div class=\"service-card style3\"><div class=\"service-card-content\"><h3 class=\"box-title th-title\">Seguran\u00e7a Privada<\/h3><p class=\"service-card-text th-desc\">Estamos prontos para fornecer solu\u00e7\u00f5es de seguran\u00e7a privada e defesa, assegurando a prote\u00e7\u00e3o integral de empresas e clientes privados em m\u00faltiplos setores.<\/p><\/div><\/div><\/div><\/div>\t\t\t\t<\/div>\n\t\t\t\t<\/div>\n\t\t\t\t\t<\/div>\n\t\t<\/div>\n\t\t\t\t\t<\/div>\n\t\t<\/section>\n\t\t\t\t<section class=\"elementor-section elementor-top-section elementor-element elementor-element-940198e elementor-section-full_width elementor-section-height-default elementor-section-height-default\" data-id=\"940198e\" data-element_type=\"section\" data-e-type=\"section\" data-settings=\"{&quot;background_background&quot;:&quot;classic&quot;}\">\n\t\t\t\t\t\t<div class=\"elementor-container elementor-column-gap-no\">\n\t\t\t\t\t<div class=\"elementor-column elementor-col-100 elementor-top-column elementor-element elementor-element-6b84c09\" data-id=\"6b84c09\" data-element_type=\"column\" data-e-type=\"column\">\n\t\t\t<div class=\"elementor-widget-wrap elementor-element-populated\">\n\t\t\t\t\t\t<section class=\"elementor-section elementor-inner-section elementor-element elementor-element-3aa2bb8 elementor-section-content-middle elementor-section-boxed elementor-section-height-default elementor-section-height-default\" data-id=\"3aa2bb8\" data-element_type=\"section\" data-e-type=\"section\">\n\t\t\t\t\t\t<div class=\"elementor-container elementor-column-gap-no\">\n\t\t\t\t\t<div class=\"elementor-column elementor-col-50 elementor-inner-column elementor-element elementor-element-1152bc8\" data-id=\"1152bc8\" data-element_type=\"column\" data-e-type=\"column\">\n\t\t\t<div class=\"elementor-widget-wrap elementor-element-populated\">\n\t\t\t\t\t\t<div class=\"elementor-element elementor-element-fb95139 elementor-widget elementor-widget-acaduimage\" data-id=\"fb95139\" data-element_type=\"widget\" data-e-type=\"widget\" data-widget_type=\"acaduimage.default\">\n\t\t\t\t<div class=\"elementor-widget-container\">\n\t\t\t\t\t<!-- Image --><div class=\"ad_img\"><img decoding=\"async\" class=\"\" src=\"https:\/\/aglossacademy.com\/wp-content\/uploads\/elementor\/thumbs\/cybersecurity-computer-and-global-network-info-with-map-graphic-for-phishing-and-hacker-data-cybe-qgc9mtwr7lhm5ic4rifsy614836e6apl86zevjw6tk.jpg\" alt=\"Informa\u00e7\u00f5es de seguran\u00e7a cibern\u00e9tica de computadores e redes globais com mapa gr\u00e1fico para phishing e dados de hackers cybe qgc9mtwr7lhm5ic4rifsy614836e6apl86zevjw6tk\" ><\/div><!-- End Image -->\t\t\t\t<\/div>\n\t\t\t\t<\/div>\n\t\t\t\t\t<\/div>\n\t\t<\/div>\n\t\t\t\t<div class=\"elementor-column elementor-col-50 elementor-inner-column elementor-element elementor-element-6f657f5\" data-id=\"6f657f5\" data-element_type=\"column\" data-e-type=\"column\">\n\t\t\t<div class=\"elementor-widget-wrap elementor-element-populated\">\n\t\t\t\t\t\t<div class=\"elementor-element elementor-element-d00b20d elementor-widget elementor-widget-edurasectiontitle\" data-id=\"d00b20d\" data-element_type=\"widget\" data-e-type=\"widget\" data-widget_type=\"edurasectiontitle.default\">\n\t\t\t\t<div class=\"elementor-widget-container\">\n\t\t\t\t\t<div class=\"title-area mb-25\" ><span class=\"sub-title subtitle-selector\"><i class=\"fal fa-book me-2\"><\/i>Anos de trajet\u00f3ria<\/span><h2 class=\"sec-title title-selector\">Nossa Experi\u00eancia e Especialidade<\/h2><p class=\"desc-selector\">Nossa experi\u00eancia e especialidade concentra-se na resolu\u00e7\u00e3o de crises e gest\u00e3o de riscos mediante a aplica\u00e7\u00e3o das t\u00e9cnicas mais recentes e modernas de intelig\u00eancia e contraintelig\u00eancia, seguran\u00e7a integral e procedimentos de prote\u00e7\u00e3o.<\/p><\/div>\t\t\t\t<\/div>\n\t\t\t\t<\/div>\n\t\t\t\t<div class=\"elementor-element elementor-element-74efad4 elementor-widget elementor-widget-edurafeature\" data-id=\"74efad4\" data-element_type=\"widget\" data-e-type=\"widget\" data-widget_type=\"edurafeature.default\">\n\t\t\t\t<div class=\"elementor-widget-container\">\n\t\t\t\t\t<div class=\"row mb-35 gy-4\"><div class=\"col-lg-6\"><div class=\"about-grid3\"><div class=\"about-grid-icon\"><img decoding=\"async\" src=\"https:\/\/aglossacademy.com\/wp-content\/uploads\/2023\/07\/about-grid-icon2-1-2.svg\" alt=\"sobre o \u00edcone de grade2 1 2\"  \/><\/div><div class=\"details\"><h5 class=\"th-title\">Clientes e Mercados Globais<\/h5><p class=\"th-desc\">Alcance internacional<\/p><\/div><\/div><\/div><div class=\"col-lg-6\"><div class=\"about-grid3\"><div class=\"about-grid-icon\"><img decoding=\"async\" src=\"https:\/\/aglossacademy.com\/wp-content\/uploads\/2023\/07\/about-grid-icon2-2-2.svg\" alt=\"sobre o \u00edcone de grade2 2 2\"  \/><\/div><div class=\"details\"><h5 class=\"th-title\">Controle de Riscos e Crises<\/h5><p class=\"th-desc\">Gest\u00e3o de Seguran\u00e7a<\/p><\/div><\/div><\/div><\/div>\t\t\t\t<\/div>\n\t\t\t\t<\/div>\n\t\t\t\t<div class=\"elementor-element elementor-element-b85150b elementor-widget elementor-widget-edurabutton\" data-id=\"b85150b\" data-element_type=\"widget\" data-e-type=\"widget\" data-widget_type=\"edurabutton.default\">\n\t\t\t\t<div class=\"elementor-widget-container\">\n\t\t\t\t\t<!-- Button --><div class=\"btn-wrapper left\"><a class=\"th-btn\" href=\"https:\/\/aglossgroup.com\" target=\"_blank\" rel=\"noopener\">Ler mais<i class=\"fa-regular fa-arrow-right ms-2\"><\/i><\/a><\/div><!-- End Button -->\t\t\t\t<\/div>\n\t\t\t\t<\/div>\n\t\t\t\t\t<\/div>\n\t\t<\/div>\n\t\t\t\t\t<\/div>\n\t\t<\/section>\n\t\t\t\t\t<\/div>\n\t\t<\/div>\n\t\t\t\t\t<\/div>\n\t\t<\/section>\n\t\t\t\t<section class=\"elementor-section elementor-top-section elementor-element elementor-element-bc4d4b8 elementor-section-boxed elementor-section-height-default elementor-section-height-default\" data-id=\"bc4d4b8\" data-element_type=\"section\" data-e-type=\"section\" data-settings=\"{&quot;background_background&quot;:&quot;classic&quot;}\">\n\t\t\t\t\t\t<div class=\"elementor-container elementor-column-gap-no\">\n\t\t\t\t\t<div class=\"elementor-column elementor-col-100 elementor-top-column elementor-element elementor-element-ddc2517\" data-id=\"ddc2517\" data-element_type=\"column\" data-e-type=\"column\">\n\t\t\t<div class=\"elementor-widget-wrap elementor-element-populated\">\n\t\t\t\t\t\t<div class=\"elementor-element elementor-element-a7ec678 elementor-widget elementor-widget-eduracounterup\" data-id=\"a7ec678\" data-element_type=\"widget\" data-e-type=\"widget\" data-widget_type=\"eduracounterup.default\">\n\t\t\t\t<div class=\"elementor-widget-container\">\n\t\t\t\t\t<div class=\"counter-area-1 bg-theme\"  data-bg-src=\"https:\/\/themeholy.com\/wordpress\/edura\/wp-content\/uploads\/2023\/07\/counter-bg_1.png\"><div class=\"row gx-0 justify-content-between\"><div class=\"col-sm-6 col-xl-3 counter-card-wrap\"><div class=\"counter-card\"><h2 class=\"counter-card_number\"><span class=\"counter-number\">+1.2<\/span>k<span class=\"fw-normal\">+<\/span><\/h2><p class=\"counter-card_text\"><strong>Profissionais<\/strong> Treinados<\/p><\/div><\/div><div class=\"col-sm-6 col-xl-3 counter-card-wrap\"><div class=\"counter-card\"><h2 class=\"counter-card_number\"><span class=\"counter-number\">+15.8<\/span>k<span class=\"fw-normal\">+<\/span><\/h2><p class=\"counter-card_text\"><strong>Li\u00e7\u00f5es<\/strong> Conclu\u00eddas<\/p><\/div><\/div><div class=\"col-sm-6 col-xl-3 counter-card-wrap\"><div class=\"counter-card\"><h2 class=\"counter-card_number\"><span class=\"counter-number\">+15<\/span><span class=\"fw-normal\">+<\/span><\/h2><p class=\"counter-card_text\"><strong>Acordos<\/strong> Internacionais<\/p><\/div><\/div><div class=\"col-sm-6 col-xl-3 counter-card-wrap\"><div class=\"counter-card\"><h2 class=\"counter-card_number\"><span class=\"counter-number\">+10<\/span><span class=\"fw-normal\">+<\/span><\/h2><p class=\"counter-card_text\"><strong>Pa\u00edses<\/strong> com Presen\u00e7a<\/p><\/div><\/div><\/div><\/div>\t\t\t\t<\/div>\n\t\t\t\t<\/div>\n\t\t\t\t\t<\/div>\n\t\t<\/div>\n\t\t\t\t\t<\/div>\n\t\t<\/section>\n\t\t\t\t<section class=\"elementor-section elementor-top-section elementor-element elementor-element-40d2821 elementor-section-boxed elementor-section-height-default elementor-section-height-default\" data-id=\"40d2821\" data-element_type=\"section\" data-e-type=\"section\">\n\t\t\t\t\t\t<div class=\"elementor-container elementor-column-gap-no\">\n\t\t\t\t\t<div class=\"elementor-column elementor-col-50 elementor-top-column elementor-element elementor-element-6c6d528\" data-id=\"6c6d528\" data-element_type=\"column\" data-e-type=\"column\" data-settings=\"{&quot;background_background&quot;:&quot;classic&quot;}\">\n\t\t\t<div class=\"elementor-widget-wrap elementor-element-populated\">\n\t\t\t\t\t<div class=\"elementor-background-overlay\"><\/div>\n\t\t\t\t\t\t<div class=\"elementor-element elementor-element-e2691b9 elementor-widget elementor-widget-edurasectiontitle\" data-id=\"e2691b9\" data-element_type=\"widget\" data-e-type=\"widget\" data-widget_type=\"edurasectiontitle.default\">\n\t\t\t\t<div class=\"elementor-widget-container\">\n\t\t\t\t\t<div class=\"title-area mb-25\" ><span class=\"sub-title subtitle-selector\"><i class=\"fal fa-book me-2\"><\/i>Alcance Internacional<\/span><h4 class=\"sec-title title-selector\">Oferta Educacional<\/h4><p class=\"desc-selector\">A oferta de cursos tem car\u00e1ter internacional, pois est\u00e1 dispon\u00edvel e dirigida \u00e0 Espanha, Am\u00e9rica Latina e demais pa\u00edses do mundo. Por se tratar de cursos que em sua maioria s\u00e3o ministrados online, esta oferta \u00e9 acess\u00edvel a qualquer pessoa em qualquer lugar. Al\u00e9m da nossa oferta de cursos online, teremos cursos semipresenciais e presenciais reconhecidos por universidades espanholas e latino-americanas.<\/p><\/div>\t\t\t\t<\/div>\n\t\t\t\t<\/div>\n\t\t\t\t\t<\/div>\n\t\t<\/div>\n\t\t\t\t<div class=\"elementor-column elementor-col-50 elementor-top-column elementor-element elementor-element-556bc68\" data-id=\"556bc68\" data-element_type=\"column\" data-e-type=\"column\" data-settings=\"{&quot;background_background&quot;:&quot;classic&quot;}\">\n\t\t\t<div class=\"elementor-widget-wrap elementor-element-populated\">\n\t\t\t\t\t<div class=\"elementor-background-overlay\"><\/div>\n\t\t\t\t\t\t<div class=\"elementor-element elementor-element-51ea41e elementor-widget elementor-widget-edurasectiontitle\" data-id=\"51ea41e\" data-element_type=\"widget\" data-e-type=\"widget\" data-widget_type=\"edurasectiontitle.default\">\n\t\t\t\t<div class=\"elementor-widget-container\">\n\t\t\t\t\t<div class=\"title-area mb-25\" ><span class=\"sub-title subtitle-selector\"><i class=\"fal fa-book me-2\"><\/i>Forma\u00e7\u00e3o Profissional<\/span><h4 class=\"sec-title title-selector\">Nossa Miss\u00e3o<\/h4><p class=\"desc-selector\">Somos uma institui\u00e7\u00e3o dedicada \u00e0 forma\u00e7\u00e3o onde o aluno tem acesso ao Campus Internacional no qual poder\u00e1 encontrar uma das melhores ofertas acad\u00e9micas de cursos especializados, de p\u00f3s-gradua\u00e7\u00e3o e programas formativos relacionados com Seguran\u00e7a, Defesa, Geoestrat\u00e9gia, Lideran\u00e7a, Coopera\u00e7\u00e3o Humanit\u00e1ria, Rela\u00e7\u00f5es Internacionais, etc.<\/p><\/div>\t\t\t\t<\/div>\n\t\t\t\t<\/div>\n\t\t\t\t\t<\/div>\n\t\t<\/div>\n\t\t\t\t\t<\/div>\n\t\t<\/section>\n\t\t\t\t<section class=\"elementor-section elementor-top-section elementor-element elementor-element-cc4fd1b elementor-section-full_width elementor-section-height-default elementor-section-height-default\" data-id=\"cc4fd1b\" data-element_type=\"section\" data-e-type=\"section\" data-settings=\"{&quot;background_background&quot;:&quot;classic&quot;}\">\n\t\t\t\t\t\t<div class=\"elementor-container elementor-column-gap-no\">\n\t\t\t\t\t<div class=\"elementor-column elementor-col-100 elementor-top-column elementor-element elementor-element-12d9001\" data-id=\"12d9001\" data-element_type=\"column\" data-e-type=\"column\">\n\t\t\t<div class=\"elementor-widget-wrap elementor-element-populated\">\n\t\t\t\t\t\t<section class=\"elementor-section elementor-inner-section elementor-element elementor-element-6448eb7 elementor-section-boxed elementor-section-height-default elementor-section-height-default\" data-id=\"6448eb7\" data-element_type=\"section\" data-e-type=\"section\">\n\t\t\t\t\t\t<div class=\"elementor-container elementor-column-gap-no\">\n\t\t\t\t\t<div class=\"elementor-column elementor-col-50 elementor-inner-column elementor-element elementor-element-b7aff58\" data-id=\"b7aff58\" data-element_type=\"column\" data-e-type=\"column\">\n\t\t\t<div class=\"elementor-widget-wrap elementor-element-populated\">\n\t\t\t\t\t\t<div class=\"elementor-element elementor-element-3f7033d elementor-widget elementor-widget-edurasectiontitle\" data-id=\"3f7033d\" data-element_type=\"widget\" data-e-type=\"widget\" data-widget_type=\"edurasectiontitle.default\">\n\t\t\t\t<div class=\"elementor-widget-container\">\n\t\t\t\t\t<div class=\"title-area mb-50\" ><span class=\"sub-title subtitle-selector\"><i class=\"fal fa-book me-2\"><\/i>Novidades<\/span><h2 class=\"sec-title title-selector\">Blog e Recomenda\u00e7\u00f5es<\/h2><\/div>\t\t\t\t<\/div>\n\t\t\t\t<\/div>\n\t\t\t\t\t<\/div>\n\t\t<\/div>\n\t\t\t\t<div class=\"elementor-column elementor-col-50 elementor-inner-column elementor-element elementor-element-64b8ebd\" data-id=\"64b8ebd\" data-element_type=\"column\" data-e-type=\"column\">\n\t\t\t<div class=\"elementor-widget-wrap elementor-element-populated\">\n\t\t\t\t\t\t<div class=\"elementor-element elementor-element-07123ab elementor-widget elementor-widget-edurabutton\" data-id=\"07123ab\" data-element_type=\"widget\" data-e-type=\"widget\" data-widget_type=\"edurabutton.default\">\n\t\t\t\t<div class=\"elementor-widget-container\">\n\t\t\t\t\t<!-- Button --><div class=\"btn-wrapper right\"><a class=\"th-btn\" href=\"https:\/\/aglossacademy.com\/pt\/blog\/\">Ver novidades<i class=\"fa-regular fa-arrow-right ms-2\"><\/i><\/a><\/div><!-- End Button -->\t\t\t\t<\/div>\n\t\t\t\t<\/div>\n\t\t\t\t\t<\/div>\n\t\t<\/div>\n\t\t\t\t\t<\/div>\n\t\t<\/section>\n\t\t\t\t<section class=\"elementor-section elementor-inner-section elementor-element elementor-element-78656c3 elementor-section-boxed elementor-section-height-default elementor-section-height-default\" data-id=\"78656c3\" data-element_type=\"section\" data-e-type=\"section\">\n\t\t\t\t\t\t<div class=\"elementor-container elementor-column-gap-no\">\n\t\t\t\t\t<div class=\"elementor-column elementor-col-100 elementor-inner-column elementor-element elementor-element-ba8ccd8\" data-id=\"ba8ccd8\" data-element_type=\"column\" data-e-type=\"column\">\n\t\t\t<div class=\"elementor-widget-wrap elementor-element-populated\">\n\t\t\t\t\t\t<div class=\"elementor-element elementor-element-bd3148f elementor-widget elementor-widget-edurablog\" data-id=\"bd3148f\" data-element_type=\"widget\" data-e-type=\"widget\" data-widget_type=\"edurablog.default\">\n\t\t\t\t<div class=\"elementor-widget-container\">\n\t\t\t\t\t\t\t\t<div class=\"row slider-shadow th-carousel arrow-wrap\" data-slide-show=\"3\" data-lg-slide-show=\"2\" data-md-slide-show=\"1\" data-sm-slide-show=\"1\" data-arrows=\"true\">\r\n\t\t\t\t\t\t<div class=\"col-md-6 col-xl-4\">\r\n\t\t\t\t<div class=\"th-blog blog-single style4\">\r\n\t\t\t\t\t<div class=\"blog-img\">\r\n\t\t\t\t\t\t<img fetchpriority=\"high\" decoding=\"async\" width=\"442\" height=\"348\" src=\"https:\/\/aglossacademy.com\/wp-content\/uploads\/2023\/12\/hands-of-mature-man-taking-psychological-course-after-coming-back-from-war-442x348.jpg\" class=\"attachment-edura_442X348 size-edura_442X348 wp-post-image\" alt=\"M\u00e3os de homem maduro fazendo curso psicol\u00f3gico depois de voltar da guerra\" srcset=\"https:\/\/aglossacademy.com\/wp-content\/uploads\/2023\/12\/hands-of-mature-man-taking-psychological-course-after-coming-back-from-war-442x348.jpg 442w, https:\/\/aglossacademy.com\/wp-content\/uploads\/2023\/12\/hands-of-mature-man-taking-psychological-course-after-coming-back-from-war-444x350.jpg 444w\" sizes=\"(max-width: 442px) 100vw, 442px\" \/>\t\t\t\t\t<\/div>\r\n\t\t\t\t\t<div class=\"blog-content\">\r\n\t\t\t\t\t\t<div class=\"blog-meta\">\r\n\t\t\t\t\t\t\t<a class=\"author\" href=\"https:\/\/aglossacademy.com\/pt\/author\/tan-whale-689653-hostingersite-com\/\"><i class=\"fa-light fa-user\"><\/i>Por A-GLOSS<\/a>\r\n                            <a href=\"https:\/\/aglossacademy.com\/pt\/2023\/05\/25\/\"><i class=\"fa-light fa-clock\"><\/i>25 de mai. de 2023<\/a>\r\n\t\t\t\t\t\t<\/div>\r\n\t\t\t\t\t\t<h4 class=\"box-title th-title\"><a href=\"https:\/\/aglossacademy.com\/pt\/guerra-psicologica-e-propaganda-como-acao-direta\/\">A guerra psicol\u00f3gica e a propaganda como a\u00e7\u00e3o direta<\/a><\/h4>\r\n\t\t\t\t\t\t\t\t\t\t\t\t\t<a href=\"https:\/\/aglossacademy.com\/pt\/guerra-psicologica-e-propaganda-como-acao-direta\/\" class=\"link-btn th_btn\">Ler mais<i class=\"fas fa-arrow-right ms-2\"><\/i><\/a>\r\n\t\t\t\t\t\t\t\t\t\t\t<\/div>\r\n\t\t\t\t<\/div>\r\n\t\t\t<\/div>\r\n\t\t\t\t\t\t<div class=\"col-md-6 col-xl-4\">\r\n\t\t\t\t<div class=\"th-blog blog-single style4\">\r\n\t\t\t\t\t<div class=\"blog-img\">\r\n\t\t\t\t\t\t<img decoding=\"async\" width=\"442\" height=\"348\" src=\"https:\/\/aglossacademy.com\/wp-content\/uploads\/2023\/12\/binary-numbers-on-computer-screen-matrix-background-442x348.jpg\" class=\"attachment-edura_442X348 size-edura_442X348 wp-post-image\" alt=\"N\u00fameros bin\u00e1rios no fundo da matriz da tela do computador\" srcset=\"https:\/\/aglossacademy.com\/wp-content\/uploads\/2023\/12\/binary-numbers-on-computer-screen-matrix-background-442x348.jpg 442w, https:\/\/aglossacademy.com\/wp-content\/uploads\/2023\/12\/binary-numbers-on-computer-screen-matrix-background-444x350.jpg 444w\" sizes=\"(max-width: 442px) 100vw, 442px\" \/>\t\t\t\t\t<\/div>\r\n\t\t\t\t\t<div class=\"blog-content\">\r\n\t\t\t\t\t\t<div class=\"blog-meta\">\r\n\t\t\t\t\t\t\t<a class=\"author\" href=\"https:\/\/aglossacademy.com\/pt\/author\/tan-whale-689653-hostingersite-com\/\"><i class=\"fa-light fa-user\"><\/i>Por A-GLOSS<\/a>\r\n                            <a href=\"https:\/\/aglossacademy.com\/pt\/2023\/07\/11\/\"><i class=\"fa-light fa-clock\"><\/i>11 de jul. de 2023<\/a>\r\n\t\t\t\t\t\t<\/div>\r\n\t\t\t\t\t\t<h4 class=\"box-title th-title\"><a href=\"https:\/\/aglossacademy.com\/pt\/ataque-de-liquidacao-e-o-maior-que-o-peru-enfrenta-no-seculo-21\/\">Fire Sale Attack: A maior amea\u00e7a que enfrenta o<\/a><\/h4>\r\n\t\t\t\t\t\t\t\t\t\t\t\t\t<a href=\"https:\/\/aglossacademy.com\/pt\/ataque-de-liquidacao-e-o-maior-que-o-peru-enfrenta-no-seculo-21\/\" class=\"link-btn th_btn\">Ler mais<i class=\"fas fa-arrow-right ms-2\"><\/i><\/a>\r\n\t\t\t\t\t\t\t\t\t\t\t<\/div>\r\n\t\t\t\t<\/div>\r\n\t\t\t<\/div>\r\n\t\t\t\t\t\t<div class=\"col-md-6 col-xl-4\">\r\n\t\t\t\t<div class=\"th-blog blog-single style4\">\r\n\t\t\t\t\t<div class=\"blog-img\">\r\n\t\t\t\t\t\t<img decoding=\"async\" width=\"442\" height=\"348\" src=\"https:\/\/aglossacademy.com\/wp-content\/uploads\/2023\/12\/dangerous-spies-running-from-police-lights-not-risking-to-be-caught-442x348.jpg\" class=\"attachment-edura_442X348 size-edura_442X348 wp-post-image\" alt=\"Espi\u00f5es perigosos fugindo das luzes da pol\u00edcia sem correr o risco de serem pegos\" srcset=\"https:\/\/aglossacademy.com\/wp-content\/uploads\/2023\/12\/dangerous-spies-running-from-police-lights-not-risking-to-be-caught-442x348.jpg 442w, https:\/\/aglossacademy.com\/wp-content\/uploads\/2023\/12\/dangerous-spies-running-from-police-lights-not-risking-to-be-caught-444x350.jpg 444w\" sizes=\"(max-width: 442px) 100vw, 442px\" \/>\t\t\t\t\t<\/div>\r\n\t\t\t\t\t<div class=\"blog-content\">\r\n\t\t\t\t\t\t<div class=\"blog-meta\">\r\n\t\t\t\t\t\t\t<a class=\"author\" href=\"https:\/\/aglossacademy.com\/pt\/author\/tan-whale-689653-hostingersite-com\/\"><i class=\"fa-light fa-user\"><\/i>Por A-GLOSS<\/a>\r\n                            <a href=\"https:\/\/aglossacademy.com\/pt\/2023\/03\/15\/\"><i class=\"fa-light fa-clock\"><\/i>15 de mar. de 2023<\/a>\r\n\t\t\t\t\t\t<\/div>\r\n\t\t\t\t\t\t<h4 class=\"box-title th-title\"><a href=\"https:\/\/aglossacademy.com\/pt\/ferramentas-de-avaliacao-de-risco-para-radicalizacao\/\">Ferramentas de avalia\u00e7\u00e3o de risco para radicaliza\u00e7\u00e3o<\/a><\/h4>\r\n\t\t\t\t\t\t\t\t\t\t\t\t\t<a href=\"https:\/\/aglossacademy.com\/pt\/ferramentas-de-avaliacao-de-risco-para-radicalizacao\/\" class=\"link-btn th_btn\">Ler mais<i class=\"fas fa-arrow-right ms-2\"><\/i><\/a>\r\n\t\t\t\t\t\t\t\t\t\t\t<\/div>\r\n\t\t\t\t<\/div>\r\n\t\t\t<\/div>\r\n\t\t\t\t\t<\/div>\r\n\r\n\t\t\t\t\t<\/div>\n\t\t\t\t<\/div>\n\t\t\t\t\t<\/div>\n\t\t<\/div>\n\t\t\t\t\t<\/div>\n\t\t<\/section>\n\t\t\t\t\t<\/div>\n\t\t<\/div>\n\t\t\t\t\t<\/div>\n\t\t<\/section>\n\t\t\t\t<\/div>","protected":false},"excerpt":{"rendered":"<p>Que fazemos? Trabalhamos com Especialistas em Seguran\u00e7a Cibern\u00e9tica Global na implementa\u00e7\u00e3o de t\u00e9cnicas de seguran\u00e7a cibern\u00e9tica, oferecendo consultoria e protocolos personalizados para proteger a integridade digital de institui\u00e7\u00f5es e empresas em todo o mundo. Emerg\u00eancias Especialistas em gest\u00e3o de emerg\u00eancias com foco na resolu\u00e7\u00e3o eficaz de crises, fornecendo opera\u00e7\u00f5es no local e\u2026<\/p>","protected":false},"author":1,"featured_media":0,"parent":0,"menu_order":0,"comment_status":"closed","ping_status":"closed","template":"template-builder.php","meta":{"footnotes":""},"class_list":["post-388","page","type-page","status-publish","hentry","th-blog blog-single"],"_links":{"self":[{"href":"https:\/\/aglossacademy.com\/pt\/wp-json\/wp\/v2\/pages\/388","targetHints":{"allow":["GET"]}}],"collection":[{"href":"https:\/\/aglossacademy.com\/pt\/wp-json\/wp\/v2\/pages"}],"about":[{"href":"https:\/\/aglossacademy.com\/pt\/wp-json\/wp\/v2\/types\/page"}],"author":[{"embeddable":true,"href":"https:\/\/aglossacademy.com\/pt\/wp-json\/wp\/v2\/users\/1"}],"replies":[{"embeddable":true,"href":"https:\/\/aglossacademy.com\/pt\/wp-json\/wp\/v2\/comments?post=388"}],"version-history":[{"count":5,"href":"https:\/\/aglossacademy.com\/pt\/wp-json\/wp\/v2\/pages\/388\/revisions"}],"predecessor-version":[{"id":7296,"href":"https:\/\/aglossacademy.com\/pt\/wp-json\/wp\/v2\/pages\/388\/revisions\/7296"}],"wp:attachment":[{"href":"https:\/\/aglossacademy.com\/pt\/wp-json\/wp\/v2\/media?parent=388"}],"curies":[{"name":"wp","href":"https:\/\/api.w.org\/{rel}","templated":true}]}}