{"id":3,"date":"2023-11-08T12:58:47","date_gmt":"2023-11-08T11:58:47","guid":{"rendered":"http:\/\/aglossacademy.com\/?page_id=3"},"modified":"2023-12-05T06:14:00","modified_gmt":"2023-12-05T05:14:00","slug":"politica-de-privacidade","status":"publish","type":"page","link":"https:\/\/aglossacademy.com\/pt\/politica-de-privacidade\/","title":{"rendered":"Pol\u00edtica de privacidade"},"content":{"rendered":"<h5 class=\"wp-block-heading\">Quem somos? <\/h5>\n\n\n\n<p>O endere\u00e7o do nosso site \u00e9: <a href=\"http:\/\/aglossacademy.com\/pt\/\">http:\/\/aglossacademy.com<\/a>.<\/p>\n\n\n\n<h5 class=\"wp-block-heading\">Coment\u00e1rios <\/h5>\n\n\n\n<p>Quando os visitantes deixam coment\u00e1rios no site, recolhemos os dados exibidos no formul\u00e1rio de coment\u00e1rios, o endere\u00e7o IP do visitante e a string do agente de utilizador do navegador para detec\u00e7\u00e3o de spam. Um hash do seu e\u2011mail pode ser usado pelo servi\u00e7o Gravatar. A pol\u00edtica de privacidade do Gravatar est\u00e1 dispon\u00edvel em <a href=\"https:\/\/automattic.com\/privacy\/\" target=\"_blank\" rel=\"noopener\">https:\/\/automattic.com\/privacy\/<\/a>. Ap\u00f3s a aprova\u00e7\u00e3o do seu coment\u00e1rio, a sua foto de perfil fica vis\u00edvel publicamente ao lado do seu coment\u00e1rio.<\/p>\n\n\n\n<h5 class=\"wp-block-heading\">M\u00e9dia <\/h5>\n\n\n\n<p>Se carregar imagens para o site, evite carregar imagens com dados de localiza\u00e7\u00e3o (GPS EXIF) inclu\u00eddos. Os visitantes podem descarregar e extrair quaisquer dados de localiza\u00e7\u00e3o das imagens.<\/p>\n\n\n\n<h5 class=\"wp-block-heading\">Cookies <\/h5>\n\n\n\n<p>Se deixar um coment\u00e1rio no nosso site, pode optar por guardar o seu nome, e\u2011mail e site em cookies para conveni\u00eancia futura. Esses cookies duram um ano. Se tiver uma conta e iniciar sess\u00e3o no site, instalaremos um cookie tempor\u00e1rio para determinar se o seu navegador aceita cookies. Esse cookie n\u00e3o cont\u00e9m dados pessoais e \u00e9 eliminado ao fechar o navegador. Ao iniciar sess\u00e3o, tamb\u00e9m instalaremos cookies para guardar as suas credenciais de acesso e op\u00e7\u00f5es de visualiza\u00e7\u00e3o, com dura\u00e7\u00f5es de dois dias e de um ano, respetivamente. Ao terminar a sua sess\u00e3o, os cookies de sess\u00e3o ser\u00e3o eliminados.<\/p>\n\n\n\n<h5 class=\"wp-block-heading\">Conte\u00fado incorporado de outros sites <\/h5>\n\n\n\n<p>Artigos neste site podem incluir conte\u00fado incorporado. O conte\u00fado incorporado de outros sites comporta-se da mesma forma como se o visitante tivesse visitado o outro site. Esses sites podem recolher dados sobre si, utilizar cookies e monitorizar a sua intera\u00e7\u00e3o com esse conte\u00fado incorporado.<\/p>\n\n\n\n<h5 class=\"wp-block-heading\">Com quem partilhamos os seus dados? <\/h5>\n\n\n\n<p>Se solicitar uma redefini\u00e7\u00e3o de palavra-passe, o seu IP ser\u00e1 inclu\u00eddo no correio de redefini\u00e7\u00e3o.<\/p>\n\n\n\n<h5 class=\"wp-block-heading\">Durante quanto tempo conservamos os seus dados? <\/h5>\n\n\n\n<p>Os coment\u00e1rios e os seus metadados s\u00e3o conservados indefinidamente. Para utilizadores que se registam no nosso site, tamb\u00e9m armazenamos as informa\u00e7\u00f5es pessoais que fornecem no seu perfil de utilizador. Todos os utilizadores podem ver, editar ou eliminar as suas informa\u00e7\u00f5es pessoais a qualquer momento. Os administradores do site tamb\u00e9m podem ver e editar essa informa\u00e7\u00e3o.<\/p>\n\n\n\n<h5 class=\"wp-block-heading\">Quais os direitos que tem sobre os seus dados? <\/h5>\n\n\n\n<p>Se tem uma conta ou deixou coment\u00e1rios, pode solicitar um arquivo exportado dos seus dados pessoais que possu\u00edmos, incluindo quaisquer dados que nos tenha dado. Tamb\u00e9m pode pedir que eliminemos quaisquer dados pessoais que tenhamos sobre si.<\/p>\n\n\n\n<h5 class=\"wp-block-heading\">Para onde s\u00e3o enviados os seus dados? <\/h5>\n\n\n\n<p>Os coment\u00e1rios dos visitantes podem ser verificados por um servi\u00e7o de dete\u00e7\u00e3o autom\u00e1tica de spam.<\/p>","protected":false},"excerpt":{"rendered":"<p>Quem somos? O endere\u00e7o do nosso site \u00e9: http:\/\/aglossacademy.com. Coment\u00e1rios Quando os visitantes deixam coment\u00e1rios no site, coletamos os dados mostrados no formul\u00e1rio de coment\u00e1rios, o endere\u00e7o IP do visitante e a string do agente do usu\u00e1rio do navegador para detectar spam. Um hash do seu e-mail pode ser usado\u2026<\/p>","protected":false},"author":1,"featured_media":0,"parent":0,"menu_order":0,"comment_status":"closed","ping_status":"closed","template":"","meta":{"footnotes":""},"class_list":["post-3","page","type-page","status-publish","hentry","page--item"],"_links":{"self":[{"href":"https:\/\/aglossacademy.com\/pt\/wp-json\/wp\/v2\/pages\/3","targetHints":{"allow":["GET"]}}],"collection":[{"href":"https:\/\/aglossacademy.com\/pt\/wp-json\/wp\/v2\/pages"}],"about":[{"href":"https:\/\/aglossacademy.com\/pt\/wp-json\/wp\/v2\/types\/page"}],"author":[{"embeddable":true,"href":"https:\/\/aglossacademy.com\/pt\/wp-json\/wp\/v2\/users\/1"}],"replies":[{"embeddable":true,"href":"https:\/\/aglossacademy.com\/pt\/wp-json\/wp\/v2\/comments?post=3"}],"version-history":[{"count":0,"href":"https:\/\/aglossacademy.com\/pt\/wp-json\/wp\/v2\/pages\/3\/revisions"}],"wp:attachment":[{"href":"https:\/\/aglossacademy.com\/pt\/wp-json\/wp\/v2\/media?parent=3"}],"curies":[{"name":"wp","href":"https:\/\/api.w.org\/{rel}","templated":true}]}}