{"id":10,"date":"2023-12-04T23:04:44","date_gmt":"2023-12-04T22:04:44","guid":{"rendered":"http:\/\/aglossacademy.com\/?page_id=10"},"modified":"2023-12-05T06:15:46","modified_gmt":"2023-12-05T05:15:46","slug":"termini","status":"publish","type":"page","link":"https:\/\/aglossacademy.com\/it\/termini\/","title":{"rendered":"Termini e condizioni"},"content":{"rendered":"<h5 class=\"wp-block-heading\">Introduzione<\/h5>\n\n\n\n<p>Benvenuto in A-GLOSS Academy, la sua piattaforma di formazione in sicurezza e difesa. Questi termini e condizioni regolano il suo accesso e l'utilizzo dei nostri servizi e siti web.<\/p>\n\n\n\n<h5 class=\"wp-block-heading\">Accettazione dei Termini<\/h5>\n\n\n\n<p>Accedendo ad A-GLOSS Academy, lei accetta di essere vincolato a questi termini e condizioni. Se non \u00e8 d'accordo, non utilizzi i nostri servizi.<\/p>\n\n\n\n<h5 class=\"wp-block-heading\">Modifiche <\/h5>\n\n\n\n<p>Ci riserviamo il diritto di modificare questi termini in qualsiasi momento. Le modifiche entreranno in vigore una volta pubblicate sul nostro sito web.<\/p>\n\n\n\n<h5 class=\"wp-block-heading\">Registrazione e Account <\/h5>\n\n\n\n<p>Per utilizzare determinati servizi, deve registrarsi e mantenere la riservatezza del suo account e della sua password, essendo responsabile di tutte le attivit\u00e0 svolte con il suo account.<\/p>\n\n\n\n<h5 class=\"wp-block-heading\">Politica sulla Privacy <\/h5>\n\n\n\n<p>La nostra politica sulla privacy descrive come raccogliamo e utilizziamo le sue informazioni personali e come proteggiamo la sua privacy quando utilizza i nostri servizi.<\/p>\n\n\n\n<h5 class=\"wp-block-heading\">Uso Consentito <\/h5>\n\n\n\n<p>Pu\u00f2 accedere ad A-GLOSS Academy per la sua formazione personale e non commerciale in materia di sicurezza e difesa, in conformit\u00e0 con questi termini.<\/p>\n\n\n\n<h5 class=\"wp-block-heading\">Uso Vietato <\/h5>\n\n\n\n<p>\u00c8 vietato utilizzare A-GLOSS Academy per qualsiasi scopo illegale o svolgere attivit\u00e0 che violino i diritti di altri utenti o terzi.<\/p>\n\n\n\n<h5 class=\"wp-block-heading\">Propriet\u00e0 Intellettuale <\/h5>\n\n\n\n<p>Il contenuto di A-GLOSS Academy \u00e8 protetto da diritti d'autore ed \u00e8 di propriet\u00e0 esclusiva dell'accademia o dei suoi licenzianti.<\/p>\n\n\n\n<h5 class=\"wp-block-heading\">Esclusione di Garanzie <\/h5>\n\n\n\n<p>I servizi sono forniti \u201ccos\u00ec come sono\u201d senza garanzie di alcun tipo, sia espresse che implicite.<\/p>\n\n\n\n<h5 class=\"wp-block-heading\">Limitazione di Responsabilit\u00e0 <\/h5>\n\n\n\n<p>A-GLOSS Academy non sar\u00e0 responsabile per danni indiretti, incidental\u00ec, speciali o consequenziali derivanti dall'uso o dall'incapacit\u00e0 di utilizzare i nostri servizi.<\/p>\n\n\n\n<h5 class=\"wp-block-heading\">Indennizzo <\/h5>\n\n\n\n<p>Lei accetta di indennizzare e tenere indenne A-GLOSS Academy da qualsiasi reclamo, danno, spese legali e altri oneri che possano derivare dal suo uso improprio dei servizi.<\/p>\n\n\n\n<h5 class=\"wp-block-heading\">Legislazione applicabile e giurisdizione <\/h5>\n\n\n\n<p>Questi termini saranno regolati e interpretati in conformit\u00e0 con le leggi della Spagna e qualsiasi controversia sar\u00e0 soggetta alla giurisdizione esclusiva dei tribunali spagnoli.<\/p>\n\n\n\n<h5 class=\"wp-block-heading\">Contatti <\/h5>\n\n\n\n<p>Per qualsiasi richiesta relativa a questi termini e condizioni, la preghiamo di contattarci tramite il nostro modulo di contatto sul sito web.<\/p>","protected":false},"excerpt":{"rendered":"<p>Introduzione Benvenuti in A-GLOSS Academy, la vostra piattaforma di formazione sulla sicurezza e sulla difesa. Questi termini e condizioni regolano l&#039;accesso e l&#039;utilizzo dei nostri servizi e siti Web. Accettazione dei Termini Accedendo ad A-GLOSS Academy, accetti di essere vincolato da questi termini e condizioni. Se non sei d&#039;accordo, non utilizzare i nostri servizi\u2026.<\/p>","protected":false},"author":1,"featured_media":0,"parent":0,"menu_order":0,"comment_status":"closed","ping_status":"closed","template":"","meta":{"footnotes":""},"class_list":["post-10","page","type-page","status-publish","hentry","page--item"],"_links":{"self":[{"href":"https:\/\/aglossacademy.com\/it\/wp-json\/wp\/v2\/pages\/10","targetHints":{"allow":["GET"]}}],"collection":[{"href":"https:\/\/aglossacademy.com\/it\/wp-json\/wp\/v2\/pages"}],"about":[{"href":"https:\/\/aglossacademy.com\/it\/wp-json\/wp\/v2\/types\/page"}],"author":[{"embeddable":true,"href":"https:\/\/aglossacademy.com\/it\/wp-json\/wp\/v2\/users\/1"}],"replies":[{"embeddable":true,"href":"https:\/\/aglossacademy.com\/it\/wp-json\/wp\/v2\/comments?post=10"}],"version-history":[{"count":0,"href":"https:\/\/aglossacademy.com\/it\/wp-json\/wp\/v2\/pages\/10\/revisions"}],"wp:attachment":[{"href":"https:\/\/aglossacademy.com\/it\/wp-json\/wp\/v2\/media?parent=10"}],"curies":[{"name":"parola chiave","href":"https:\/\/api.w.org\/{rel}","templated":true}]}}