{"id":6998,"date":"2026-01-10T01:56:03","date_gmt":"2026-01-10T00:56:03","guid":{"rendered":"https:\/\/aglossacademy.com\/product\/psap-protocolos-y-esquemas-de-proteccion-ejecutiva-y-seguridad-corporativa\/"},"modified":"2026-02-23T14:50:25","modified_gmt":"2026-02-23T13:50:25","slug":"protocoles-et-dispositifs-des-centres-dappels-durgence-pour-la-protection-des-dirigeants-et-la-securite-des-entreprises","status":"publish","type":"product","link":"https:\/\/aglossacademy.com\/fr\/produit-2\/protocoles-et-dispositifs-des-centres-dappels-durgence-pour-la-protection-des-dirigeants-et-la-securite-des-entreprises\/","title":{"rendered":"(PSAP) Protocoles et sch\u00e9mas de protection des dirigeants et de s\u00e9curit\u00e9 des entreprises."},"content":{"rendered":"","protected":false},"excerpt":{"rendered":"","protected":false},"featured_media":6999,"comment_status":"open","ping_status":"closed","template":"","meta":[],"product_brand":[],"product_cat":[15],"product_tag":[],"class_list":{"0":"post-6998","1":"product","2":"type-product","3":"status-publish","4":"has-post-thumbnail","6":"product_cat-uncategorized","8":"first","9":"instock","10":"virtual","11":"sold-individually","12":"taxable","13":"purchasable","14":"product-type-simple"},"_links":{"self":[{"href":"https:\/\/aglossacademy.com\/fr\/wp-json\/wp\/v2\/product\/6998","targetHints":{"allow":["GET"]}}],"collection":[{"href":"https:\/\/aglossacademy.com\/fr\/wp-json\/wp\/v2\/product"}],"about":[{"href":"https:\/\/aglossacademy.com\/fr\/wp-json\/wp\/v2\/types\/product"}],"replies":[{"embeddable":true,"href":"https:\/\/aglossacademy.com\/fr\/wp-json\/wp\/v2\/comments?post=6998"}],"wp:featuredmedia":[{"embeddable":true,"href":"https:\/\/aglossacademy.com\/fr\/wp-json\/wp\/v2\/media\/6999"}],"wp:attachment":[{"href":"https:\/\/aglossacademy.com\/fr\/wp-json\/wp\/v2\/media?parent=6998"}],"wp:term":[{"taxonomy":"product_brand","embeddable":true,"href":"https:\/\/aglossacademy.com\/fr\/wp-json\/wp\/v2\/product_brand?post=6998"},{"taxonomy":"product_cat","embeddable":true,"href":"https:\/\/aglossacademy.com\/fr\/wp-json\/wp\/v2\/product_cat?post=6998"},{"taxonomy":"product_tag","embeddable":true,"href":"https:\/\/aglossacademy.com\/fr\/wp-json\/wp\/v2\/product_tag?post=6998"}],"curies":[{"name":"wp","href":"https:\/\/api.w.org\/{rel}","templated":true}]}}