{"id":6683,"date":"2025-12-27T16:03:03","date_gmt":"2025-12-27T15:03:03","guid":{"rendered":"https:\/\/aglossacademy.com\/product\/msci-medidas-de-seguridad-en-la-cooperacion-internacional-cooperantes-ongs-y-desplazados\/"},"modified":"2026-02-23T14:48:51","modified_gmt":"2026-02-23T13:48:51","slug":"mesures-de-securite-msci-dans-le-cadre-de-la-cooperation-internationale-des-travailleurs-humanitaires-des-ong-et-des-personnes-deplacees","status":"publish","type":"product","link":"https:\/\/aglossacademy.com\/fr\/produit-2\/mesures-de-securite-msci-dans-le-cadre-de-la-cooperation-internationale-des-travailleurs-humanitaires-des-ong-et-des-personnes-deplacees\/","title":{"rendered":"(MSCI) Mesures de s\u00e9curit\u00e9 dans la coop\u00e9ration internationale : ONG partenaires et personnes d\u00e9plac\u00e9es."},"content":{"rendered":"","protected":false},"excerpt":{"rendered":"","protected":false},"featured_media":6684,"comment_status":"open","ping_status":"closed","template":"","meta":[],"product_brand":[],"product_cat":[15],"product_tag":[],"class_list":{"0":"post-6683","1":"product","2":"type-product","3":"status-publish","4":"has-post-thumbnail","6":"product_cat-uncategorized","8":"first","9":"instock","10":"virtual","11":"sold-individually","12":"taxable","13":"purchasable","14":"product-type-simple"},"_links":{"self":[{"href":"https:\/\/aglossacademy.com\/fr\/wp-json\/wp\/v2\/product\/6683","targetHints":{"allow":["GET"]}}],"collection":[{"href":"https:\/\/aglossacademy.com\/fr\/wp-json\/wp\/v2\/product"}],"about":[{"href":"https:\/\/aglossacademy.com\/fr\/wp-json\/wp\/v2\/types\/product"}],"replies":[{"embeddable":true,"href":"https:\/\/aglossacademy.com\/fr\/wp-json\/wp\/v2\/comments?post=6683"}],"wp:featuredmedia":[{"embeddable":true,"href":"https:\/\/aglossacademy.com\/fr\/wp-json\/wp\/v2\/media\/6684"}],"wp:attachment":[{"href":"https:\/\/aglossacademy.com\/fr\/wp-json\/wp\/v2\/media?parent=6683"}],"wp:term":[{"taxonomy":"product_brand","embeddable":true,"href":"https:\/\/aglossacademy.com\/fr\/wp-json\/wp\/v2\/product_brand?post=6683"},{"taxonomy":"product_cat","embeddable":true,"href":"https:\/\/aglossacademy.com\/fr\/wp-json\/wp\/v2\/product_cat?post=6683"},{"taxonomy":"product_tag","embeddable":true,"href":"https:\/\/aglossacademy.com\/fr\/wp-json\/wp\/v2\/product_tag?post=6683"}],"curies":[{"name":"wp","href":"https:\/\/api.w.org\/{rel}","templated":true}]}}