{"id":5537,"date":"2024-01-07T01:13:29","date_gmt":"2024-01-07T00:13:29","guid":{"rendered":"https:\/\/aglossacademy.com\/producto\/presencial-introduccion-a-la-sanidad-tactica-y-seguridad-en-la-intervencion\/"},"modified":"2024-01-07T01:13:29","modified_gmt":"2024-01-07T00:13:29","slug":"introduction-en-personne-a-la-sante-et-a-la-securite-tactiques-en-intervention","status":"publish","type":"product","link":"https:\/\/aglossacademy.com\/fr\/produit-2\/introduction-en-personne-a-la-sante-et-a-la-securite-tactiques-en-intervention\/","title":{"rendered":"Pr\u00e9sentiel \u2013 Introduction \u00e0 la M\u00e9decine Tactique et \u00e0 la S\u00e9curit\u00e9 lors de l'Intervention"},"content":{"rendered":"","protected":false},"excerpt":{"rendered":"","protected":false},"featured_media":5408,"comment_status":"open","ping_status":"closed","template":"","meta":[],"product_brand":[],"product_cat":[15],"product_tag":[],"class_list":{"0":"post-5537","1":"product","2":"type-product","3":"status-publish","4":"has-post-thumbnail","6":"product_cat-uncategorized","8":"first","9":"instock","10":"virtual","11":"sold-individually","12":"taxable","13":"purchasable","14":"product-type-simple"},"_links":{"self":[{"href":"https:\/\/aglossacademy.com\/fr\/wp-json\/wp\/v2\/product\/5537","targetHints":{"allow":["GET"]}}],"collection":[{"href":"https:\/\/aglossacademy.com\/fr\/wp-json\/wp\/v2\/product"}],"about":[{"href":"https:\/\/aglossacademy.com\/fr\/wp-json\/wp\/v2\/types\/product"}],"replies":[{"embeddable":true,"href":"https:\/\/aglossacademy.com\/fr\/wp-json\/wp\/v2\/comments?post=5537"}],"wp:featuredmedia":[{"embeddable":true,"href":"https:\/\/aglossacademy.com\/fr\/wp-json\/wp\/v2\/media\/5408"}],"wp:attachment":[{"href":"https:\/\/aglossacademy.com\/fr\/wp-json\/wp\/v2\/media?parent=5537"}],"wp:term":[{"taxonomy":"product_brand","embeddable":true,"href":"https:\/\/aglossacademy.com\/fr\/wp-json\/wp\/v2\/product_brand?post=5537"},{"taxonomy":"product_cat","embeddable":true,"href":"https:\/\/aglossacademy.com\/fr\/wp-json\/wp\/v2\/product_cat?post=5537"},{"taxonomy":"product_tag","embeddable":true,"href":"https:\/\/aglossacademy.com\/fr\/wp-json\/wp\/v2\/product_tag?post=5537"}],"curies":[{"name":"wp","href":"https:\/\/api.w.org\/{rel}","templated":true}]}}