{"id":5452,"date":"2024-01-05T16:45:59","date_gmt":"2024-01-05T15:45:59","guid":{"rendered":"https:\/\/aglossacademy.com\/producto\/seguridad-global-delincuencia-organizada-y-terrorismo\/"},"modified":"2024-01-08T23:49:12","modified_gmt":"2024-01-08T22:49:12","slug":"securite-mondiale-criminalite-organisee-et-terrorisme","status":"publish","type":"product","link":"https:\/\/aglossacademy.com\/fr\/produit-2\/securite-mondiale-criminalite-organisee-et-terrorisme\/","title":{"rendered":"S\u00e9curit\u00e9 globale, criminalit\u00e9 organis\u00e9e et terrorisme"},"content":{"rendered":"","protected":false},"excerpt":{"rendered":"","protected":false},"featured_media":5400,"comment_status":"open","ping_status":"closed","template":"","meta":[],"product_brand":[],"product_cat":[15],"product_tag":[],"class_list":{"0":"post-5452","1":"product","2":"type-product","3":"status-publish","4":"has-post-thumbnail","6":"product_cat-uncategorized","8":"first","9":"instock","10":"sale","11":"virtual","12":"sold-individually","13":"taxable","14":"purchasable","15":"product-type-simple"},"_links":{"self":[{"href":"https:\/\/aglossacademy.com\/fr\/wp-json\/wp\/v2\/product\/5452","targetHints":{"allow":["GET"]}}],"collection":[{"href":"https:\/\/aglossacademy.com\/fr\/wp-json\/wp\/v2\/product"}],"about":[{"href":"https:\/\/aglossacademy.com\/fr\/wp-json\/wp\/v2\/types\/product"}],"replies":[{"embeddable":true,"href":"https:\/\/aglossacademy.com\/fr\/wp-json\/wp\/v2\/comments?post=5452"}],"wp:featuredmedia":[{"embeddable":true,"href":"https:\/\/aglossacademy.com\/fr\/wp-json\/wp\/v2\/media\/5400"}],"wp:attachment":[{"href":"https:\/\/aglossacademy.com\/fr\/wp-json\/wp\/v2\/media?parent=5452"}],"wp:term":[{"taxonomy":"product_brand","embeddable":true,"href":"https:\/\/aglossacademy.com\/fr\/wp-json\/wp\/v2\/product_brand?post=5452"},{"taxonomy":"product_cat","embeddable":true,"href":"https:\/\/aglossacademy.com\/fr\/wp-json\/wp\/v2\/product_cat?post=5452"},{"taxonomy":"product_tag","embeddable":true,"href":"https:\/\/aglossacademy.com\/fr\/wp-json\/wp\/v2\/product_tag?post=5452"}],"curies":[{"name":"wp","href":"https:\/\/api.w.org\/{rel}","templated":true}]}}