{"id":388,"date":"2023-07-16T02:14:35","date_gmt":"2023-07-16T02:14:35","guid":{"rendered":"https:\/\/themeholy.com\/wordpress\/edura\/?page_id=388"},"modified":"2026-01-27T04:57:17","modified_gmt":"2026-01-27T03:57:17","slug":"a-propos","status":"publish","type":"page","link":"https:\/\/aglossacademy.com\/fr\/a-propos\/","title":{"rendered":"Institutionnel"},"content":{"rendered":"<div data-elementor-type=\"wp-page\" data-elementor-id=\"388\" class=\"elementor elementor-388\" data-elementor-post-type=\"page\">\n\t\t\t\t\t\t<section class=\"elementor-section elementor-top-section elementor-element elementor-element-5372930 elementor-section-boxed elementor-section-height-default elementor-section-height-default\" data-id=\"5372930\" data-element_type=\"section\" data-e-type=\"section\">\n\t\t\t\t\t\t<div class=\"elementor-container elementor-column-gap-no\">\n\t\t\t\t\t<div class=\"elementor-column elementor-col-100 elementor-top-column elementor-element elementor-element-194df6a\" data-id=\"194df6a\" data-element_type=\"column\" data-e-type=\"column\">\n\t\t\t<div class=\"elementor-widget-wrap elementor-element-populated\">\n\t\t\t\t\r\n\r\n\t\t<div class=\"elementor-element elementor-element-cf189ef elementor-widget elementor-widget-edurasectiontitle\" data-id=\"cf189ef\" data-element_type=\"widget\" data-e-type=\"widget\" data-widget_type=\"edurasectiontitle.default\">\n\t\t\t\t<div class=\"elementor-widget-container\">\n\t\t\t\t\t<div class=\"title-area mb-50\" ><span class=\"sub-title subtitle-selector\"><i class=\"fal fa-book me-2\"><\/i>Que faisons-nous\u00a0?<\/span><h2 class=\"sec-title title-selector\">Nous travaillons avec la S\u00e9curit\u00e9 Globale<\/h2><\/div>\t\t\t\t<\/div>\n\t\t\t\t<\/div>\n\t\t\t\t<div class=\"elementor-element elementor-element-ee1749d elementor-widget elementor-widget-edurafeature\" data-id=\"ee1749d\" data-element_type=\"widget\" data-e-type=\"widget\" data-widget_type=\"edurafeature.default\">\n\t\t\t\t<div class=\"elementor-widget-container\">\n\t\t\t\t\t<div class=\"row gy-4 justify-content-center\"><div class=\"col-md-6 col-lg-4\"><div class=\"service-card style3\"><div class=\"service-card-content\"><h3 class=\"box-title th-title\">Cybers\u00e9curit\u00e9<\/h3><p class=\"service-card-text th-desc\">Sp\u00e9cialistes dans la mise en \u0153uvre de techniques de s\u00e9curit\u00e9 cybern\u00e9tique, offrant conseil et protocoles personnalis\u00e9s pour pr\u00e9server l'int\u00e9grit\u00e9 num\u00e9rique des institutions et des entreprises \u00e0 l'\u00e9chelle mondiale.<\/p><\/div><\/div><\/div><div class=\"col-md-6 col-lg-4\"><div class=\"service-card style3\"><div class=\"service-card-content\"><h3 class=\"box-title th-title\">Urgences<\/h3><p class=\"service-card-text th-desc\">Experts dans la gestion des urgences avec un focus sur la r\u00e9solution efficace des crises, fournissant des op\u00e9rations sur site et des strat\u00e9gies proactives de r\u00e9ponse pour des clients internationaux.<\/p><\/div><\/div><\/div><div class=\"col-md-6 col-lg-4\"><div class=\"service-card style3\"><div class=\"service-card-content\"><h3 class=\"box-title th-title\">Intelligence<\/h3><p class=\"service-card-text th-desc\">Nous fournissons des services de renseignement et de contre-espionnage, en utilisant les m\u00e9thodologies les plus avanc\u00e9es pour anticiper et r\u00e9pondre aux menaces et aux besoins de s\u00e9curit\u00e9 globaux.<\/p><\/div><\/div><\/div><div class=\"col-md-6 col-lg-4\"><div class=\"service-card style3\"><div class=\"service-card-content\"><h3 class=\"box-title th-title\">Recherche<\/h3><p class=\"service-card-text th-desc\">Avec une solide pr\u00e9sence en Am\u00e9rique latine, en Afrique et en Europe, nous sommes sp\u00e9cialis\u00e9s dans des enqu\u00eates qui renforcent la paix et le d\u00e9veloppement international par la s\u00e9curit\u00e9 et la coop\u00e9ration.<\/p><\/div><\/div><\/div><div class=\"col-md-6 col-lg-4\"><div class=\"service-card style3\"><div class=\"service-card-content\"><h3 class=\"box-title th-title\">S\u00e9curit\u00e9 Int\u00e9grale<\/h3><p class=\"service-card-text th-desc\">Nous offrons une gamme compl\u00e8te de services de s\u00e9curit\u00e9, tant publics que priv\u00e9s, adaptant nos solutions aux environnements dynamiques et complexes de nos clients \u00e0 l'\u00e9chelle mondiale.<\/p><\/div><\/div><\/div><div class=\"col-md-6 col-lg-4\"><div class=\"service-card style3\"><div class=\"service-card-content\"><h3 class=\"box-title th-title\">S\u00e9curit\u00e9 Priv\u00e9e<\/h3><p class=\"service-card-text th-desc\">Nous sommes pr\u00eats \u00e0 fournir des solutions de s\u00e9curit\u00e9 priv\u00e9e et de d\u00e9fense, en assurant la protection int\u00e9grale des entreprises et des clients priv\u00e9s dans de multiples secteurs.<\/p><\/div><\/div><\/div><\/div>\t\t\t\t<\/div>\n\t\t\t\t<\/div>\n\t\t\t\t\t<\/div>\n\t\t<\/div>\n\t\t\t\t\t<\/div>\n\t\t<\/section>\n\t\t\t\t<section class=\"elementor-section elementor-top-section elementor-element elementor-element-940198e elementor-section-full_width elementor-section-height-default elementor-section-height-default\" data-id=\"940198e\" data-element_type=\"section\" data-e-type=\"section\" data-settings=\"{&quot;background_background&quot;:&quot;classic&quot;}\">\n\t\t\t\t\t\t<div class=\"elementor-container elementor-column-gap-no\">\n\t\t\t\t\t<div class=\"elementor-column elementor-col-100 elementor-top-column elementor-element elementor-element-6b84c09\" data-id=\"6b84c09\" data-element_type=\"column\" data-e-type=\"column\">\n\t\t\t<div class=\"elementor-widget-wrap elementor-element-populated\">\n\t\t\t\t\t\t<section class=\"elementor-section elementor-inner-section elementor-element elementor-element-3aa2bb8 elementor-section-content-middle elementor-section-boxed elementor-section-height-default elementor-section-height-default\" data-id=\"3aa2bb8\" data-element_type=\"section\" data-e-type=\"section\">\n\t\t\t\t\t\t<div class=\"elementor-container elementor-column-gap-no\">\n\t\t\t\t\t<div class=\"elementor-column elementor-col-50 elementor-inner-column elementor-element elementor-element-1152bc8\" data-id=\"1152bc8\" data-element_type=\"column\" data-e-type=\"column\">\n\t\t\t<div class=\"elementor-widget-wrap elementor-element-populated\">\n\t\t\t\t\t\t<div class=\"elementor-element elementor-element-fb95139 elementor-widget elementor-widget-acaduimage\" data-id=\"fb95139\" data-element_type=\"widget\" data-e-type=\"widget\" data-widget_type=\"acaduimage.default\">\n\t\t\t\t<div class=\"elementor-widget-container\">\n\t\t\t\t\t<!-- Image --><div class=\"ad_img\"><img decoding=\"async\" class=\"\" src=\"https:\/\/aglossacademy.com\/wp-content\/uploads\/elementor\/thumbs\/cybersecurity-computer-and-global-network-info-with-map-graphic-for-phishing-and-hacker-data-cybe-qgc9mtwr7lhm5ic4rifsy614836e6apl86zevjw6tk.jpg\" alt=\"Informations sur la cybers\u00e9curit\u00e9 informatique et le r\u00e9seau mondial avec carte graphique pour les donn\u00e9es de phishing et de piratage informatique (cybe qgc9mtwr7lhm5ic4rifsy614836e6apl86zevjw6tk)\" ><\/div><!-- End Image -->\t\t\t\t<\/div>\n\t\t\t\t<\/div>\n\t\t\t\t\t<\/div>\n\t\t<\/div>\n\t\t\t\t<div class=\"elementor-column elementor-col-50 elementor-inner-column elementor-element elementor-element-6f657f5\" data-id=\"6f657f5\" data-element_type=\"column\" data-e-type=\"column\">\n\t\t\t<div class=\"elementor-widget-wrap elementor-element-populated\">\n\t\t\t\t\t\t<div class=\"elementor-element elementor-element-d00b20d elementor-widget elementor-widget-edurasectiontitle\" data-id=\"d00b20d\" data-element_type=\"widget\" data-e-type=\"widget\" data-widget_type=\"edurasectiontitle.default\">\n\t\t\t\t<div class=\"elementor-widget-container\">\n\t\t\t\t\t<div class=\"title-area mb-25\" ><span class=\"sub-title subtitle-selector\"><i class=\"fal fa-book me-2\"><\/i>Ann\u00e9es d'exp\u00e9rience<\/span><h2 class=\"sec-title title-selector\">Notre exp\u00e9rience et sp\u00e9cialit\u00e9<\/h2><p class=\"desc-selector\">Notre exp\u00e9rience et sp\u00e9cialit\u00e9 se concentrent sur la r\u00e9solution de crises et la gestion des risques par l'application des techniques d'intelligence et de contre-espionnage les plus r\u00e9centes et modernes, la s\u00e9curit\u00e9 int\u00e9grale et les proc\u00e9dures de protection.<\/p><\/div>\t\t\t\t<\/div>\n\t\t\t\t<\/div>\n\t\t\t\t<div class=\"elementor-element elementor-element-74efad4 elementor-widget elementor-widget-edurafeature\" data-id=\"74efad4\" data-element_type=\"widget\" data-e-type=\"widget\" data-widget_type=\"edurafeature.default\">\n\t\t\t\t<div class=\"elementor-widget-container\">\n\t\t\t\t\t<div class=\"row mb-35 gy-4\"><div class=\"col-lg-6\"><div class=\"about-grid3\"><div class=\"about-grid-icon\"><img decoding=\"async\" src=\"https:\/\/aglossacademy.com\/wp-content\/uploads\/2023\/07\/about-grid-icon2-1-2.svg\" alt=\"\u00c0 propos de l&#039;ic\u00f4ne de grille 2 1 2\"  \/><\/div><div class=\"details\"><h5 class=\"th-title\">Clients et march\u00e9s mondiaux<\/h5><p class=\"th-desc\">Port\u00e9e internationale<\/p><\/div><\/div><\/div><div class=\"col-lg-6\"><div class=\"about-grid3\"><div class=\"about-grid-icon\"><img decoding=\"async\" src=\"https:\/\/aglossacademy.com\/wp-content\/uploads\/2023\/07\/about-grid-icon2-2-2.svg\" alt=\"\u00c0 propos de l&#039;ic\u00f4ne de grille 2 2 2\"  \/><\/div><div class=\"details\"><h5 class=\"th-title\">Contr\u00f4le des risques et des crises<\/h5><p class=\"th-desc\">Gestion de la s\u00e9curit\u00e9<\/p><\/div><\/div><\/div><\/div>\t\t\t\t<\/div>\n\t\t\t\t<\/div>\n\t\t\t\t<div class=\"elementor-element elementor-element-b85150b elementor-widget elementor-widget-edurabutton\" data-id=\"b85150b\" data-element_type=\"widget\" data-e-type=\"widget\" data-widget_type=\"edurabutton.default\">\n\t\t\t\t<div class=\"elementor-widget-container\">\n\t\t\t\t\t<!-- Button --><div class=\"btn-wrapper left\"><a class=\"th-btn\" href=\"https:\/\/aglossgroup.com\" target=\"_blank\" rel=\"noopener\">Lire la suite<i class=\"fa-regular fa-arrow-right ms-2\"><\/i><\/a><\/div><!-- End Button -->\t\t\t\t<\/div>\n\t\t\t\t<\/div>\n\t\t\t\t\t<\/div>\n\t\t<\/div>\n\t\t\t\t\t<\/div>\n\t\t<\/section>\n\t\t\t\t\t<\/div>\n\t\t<\/div>\n\t\t\t\t\t<\/div>\n\t\t<\/section>\n\t\t\t\t<section class=\"elementor-section elementor-top-section elementor-element elementor-element-bc4d4b8 elementor-section-boxed elementor-section-height-default elementor-section-height-default\" data-id=\"bc4d4b8\" data-element_type=\"section\" data-e-type=\"section\" data-settings=\"{&quot;background_background&quot;:&quot;classic&quot;}\">\n\t\t\t\t\t\t<div class=\"elementor-container elementor-column-gap-no\">\n\t\t\t\t\t<div class=\"elementor-column elementor-col-100 elementor-top-column elementor-element elementor-element-ddc2517\" data-id=\"ddc2517\" data-element_type=\"column\" data-e-type=\"column\">\n\t\t\t<div class=\"elementor-widget-wrap elementor-element-populated\">\n\t\t\t\t\t\t<div class=\"elementor-element elementor-element-a7ec678 elementor-widget elementor-widget-eduracounterup\" data-id=\"a7ec678\" data-element_type=\"widget\" data-e-type=\"widget\" data-widget_type=\"eduracounterup.default\">\n\t\t\t\t<div class=\"elementor-widget-container\">\n\t\t\t\t\t<div class=\"counter-area-1 bg-theme\"  data-bg-src=\"https:\/\/themeholy.com\/wordpress\/edura\/wp-content\/uploads\/2023\/07\/counter-bg_1.png\"><div class=\"row gx-0 justify-content-between\"><div class=\"col-sm-6 col-xl-3 counter-card-wrap\"><div class=\"counter-card\"><h2 class=\"counter-card_number\"><span class=\"counter-number\">+1.2<\/span>k<span class=\"fw-normal\">+<\/span><\/h2><p class=\"counter-card_text\"><strong>Professionnels<\/strong> Form\u00e9s<\/p><\/div><\/div><div class=\"col-sm-6 col-xl-3 counter-card-wrap\"><div class=\"counter-card\"><h2 class=\"counter-card_number\"><span class=\"counter-number\">+15.8<\/span>k<span class=\"fw-normal\">+<\/span><\/h2><p class=\"counter-card_text\"><strong>Le\u00e7ons<\/strong> Compl\u00e9t\u00e9es<\/p><\/div><\/div><div class=\"col-sm-6 col-xl-3 counter-card-wrap\"><div class=\"counter-card\"><h2 class=\"counter-card_number\"><span class=\"counter-number\">+15<\/span><span class=\"fw-normal\">+<\/span><\/h2><p class=\"counter-card_text\"><strong>Conventions<\/strong> Internationales<\/p><\/div><\/div><div class=\"col-sm-6 col-xl-3 counter-card-wrap\"><div class=\"counter-card\"><h2 class=\"counter-card_number\"><span class=\"counter-number\">+10<\/span><span class=\"fw-normal\">+<\/span><\/h2><p class=\"counter-card_text\"><strong>Pays<\/strong> avec Pr\u00e9sence<\/p><\/div><\/div><\/div><\/div>\t\t\t\t<\/div>\n\t\t\t\t<\/div>\n\t\t\t\t\t<\/div>\n\t\t<\/div>\n\t\t\t\t\t<\/div>\n\t\t<\/section>\n\t\t\t\t<section class=\"elementor-section elementor-top-section elementor-element elementor-element-40d2821 elementor-section-boxed elementor-section-height-default elementor-section-height-default\" data-id=\"40d2821\" data-element_type=\"section\" data-e-type=\"section\">\n\t\t\t\t\t\t<div class=\"elementor-container elementor-column-gap-no\">\n\t\t\t\t\t<div class=\"elementor-column elementor-col-50 elementor-top-column elementor-element elementor-element-6c6d528\" data-id=\"6c6d528\" data-element_type=\"column\" data-e-type=\"column\" data-settings=\"{&quot;background_background&quot;:&quot;classic&quot;}\">\n\t\t\t<div class=\"elementor-widget-wrap elementor-element-populated\">\n\t\t\t\t\t<div class=\"elementor-background-overlay\"><\/div>\n\t\t\t\t\t\t<div class=\"elementor-element elementor-element-e2691b9 elementor-widget elementor-widget-edurasectiontitle\" data-id=\"e2691b9\" data-element_type=\"widget\" data-e-type=\"widget\" data-widget_type=\"edurasectiontitle.default\">\n\t\t\t\t<div class=\"elementor-widget-container\">\n\t\t\t\t\t<div class=\"title-area mb-25\" ><span class=\"sub-title subtitle-selector\"><i class=\"fal fa-book me-2\"><\/i>Port\u00e9e Internationale<\/span><h4 class=\"sec-title title-selector\">Offre \u00c9ducative<\/h4><p class=\"desc-selector\">L'offre de cours a un caract\u00e8re international, car elle est disponible et destin\u00e9e \u00e0 l'Espagne, \u00e0 l'Am\u00e9rique latine et au reste des pays du monde. \u00c9tant donn\u00e9 qu'il s'agit majoritairement de cours dispens\u00e9s en ligne, cette offre est accessible \u00e0 toute personne, quel que soit l'endroit. En compl\u00e9ment de notre offre de cours en ligne, nous proposerons des cours semi-pr\u00e9sentiels et pr\u00e9sentiels reconnus par des universit\u00e9s espagnoles et latino-am\u00e9ricaines.<\/p><\/div>\t\t\t\t<\/div>\n\t\t\t\t<\/div>\n\t\t\t\t\t<\/div>\n\t\t<\/div>\n\t\t\t\t<div class=\"elementor-column elementor-col-50 elementor-top-column elementor-element elementor-element-556bc68\" data-id=\"556bc68\" data-element_type=\"column\" data-e-type=\"column\" data-settings=\"{&quot;background_background&quot;:&quot;classic&quot;}\">\n\t\t\t<div class=\"elementor-widget-wrap elementor-element-populated\">\n\t\t\t\t\t<div class=\"elementor-background-overlay\"><\/div>\n\t\t\t\t\t\t<div class=\"elementor-element elementor-element-51ea41e elementor-widget elementor-widget-edurasectiontitle\" data-id=\"51ea41e\" data-element_type=\"widget\" data-e-type=\"widget\" data-widget_type=\"edurasectiontitle.default\">\n\t\t\t\t<div class=\"elementor-widget-container\">\n\t\t\t\t\t<div class=\"title-area mb-25\" ><span class=\"sub-title subtitle-selector\"><i class=\"fal fa-book me-2\"><\/i>Formation Professionnelle<\/span><h4 class=\"sec-title title-selector\">Notre Mission<\/h4><p class=\"desc-selector\">Nous sommes une institution consacr\u00e9e \u00e0 la formation o\u00f9 l'\u00e9tudiant acc\u00e8de au Campus International dans lequel il pourra trouver l'une des meilleures offres acad\u00e9miques de cours sp\u00e9cialis\u00e9s, de troisi\u00e8me cycle et de programmes de formation en lien avec la S\u00e9curit\u00e9, la D\u00e9fense, la G\u00e9o-strat\u00e9gie, le Leadership, la Coop\u00e9ration Humanitaire, les Relations Internationales, etc.<\/p><\/div>\t\t\t\t<\/div>\n\t\t\t\t<\/div>\n\t\t\t\t\t<\/div>\n\t\t<\/div>\n\t\t\t\t\t<\/div>\n\t\t<\/section>\n\t\t\t\t<section class=\"elementor-section elementor-top-section elementor-element elementor-element-cc4fd1b elementor-section-full_width elementor-section-height-default elementor-section-height-default\" data-id=\"cc4fd1b\" data-element_type=\"section\" data-e-type=\"section\" data-settings=\"{&quot;background_background&quot;:&quot;classic&quot;}\">\n\t\t\t\t\t\t<div class=\"elementor-container elementor-column-gap-no\">\n\t\t\t\t\t<div class=\"elementor-column elementor-col-100 elementor-top-column elementor-element elementor-element-12d9001\" data-id=\"12d9001\" data-element_type=\"column\" data-e-type=\"column\">\n\t\t\t<div class=\"elementor-widget-wrap elementor-element-populated\">\n\t\t\t\t\t\t<section class=\"elementor-section elementor-inner-section elementor-element elementor-element-6448eb7 elementor-section-boxed elementor-section-height-default elementor-section-height-default\" data-id=\"6448eb7\" data-element_type=\"section\" data-e-type=\"section\">\n\t\t\t\t\t\t<div class=\"elementor-container elementor-column-gap-no\">\n\t\t\t\t\t<div class=\"elementor-column elementor-col-50 elementor-inner-column elementor-element elementor-element-b7aff58\" data-id=\"b7aff58\" data-element_type=\"column\" data-e-type=\"column\">\n\t\t\t<div class=\"elementor-widget-wrap elementor-element-populated\">\n\t\t\t\t\t\t<div class=\"elementor-element elementor-element-3f7033d elementor-widget elementor-widget-edurasectiontitle\" data-id=\"3f7033d\" data-element_type=\"widget\" data-e-type=\"widget\" data-widget_type=\"edurasectiontitle.default\">\n\t\t\t\t<div class=\"elementor-widget-container\">\n\t\t\t\t\t<div class=\"title-area mb-50\" ><span class=\"sub-title subtitle-selector\"><i class=\"fal fa-book me-2\"><\/i>Nouveaut\u00e9s<\/span><h2 class=\"sec-title title-selector\">Blog et recommandations<\/h2><\/div>\t\t\t\t<\/div>\n\t\t\t\t<\/div>\n\t\t\t\t\t<\/div>\n\t\t<\/div>\n\t\t\t\t<div class=\"elementor-column elementor-col-50 elementor-inner-column elementor-element elementor-element-64b8ebd\" data-id=\"64b8ebd\" data-element_type=\"column\" data-e-type=\"column\">\n\t\t\t<div class=\"elementor-widget-wrap elementor-element-populated\">\n\t\t\t\t\t\t<div class=\"elementor-element elementor-element-07123ab elementor-widget elementor-widget-edurabutton\" data-id=\"07123ab\" data-element_type=\"widget\" data-e-type=\"widget\" data-widget_type=\"edurabutton.default\">\n\t\t\t\t<div class=\"elementor-widget-container\">\n\t\t\t\t\t<!-- Button --><div class=\"btn-wrapper right\"><a class=\"th-btn\" href=\"https:\/\/aglossacademy.com\/fr\/blog\/\">Voir les nouveaut\u00e9s<i class=\"fa-regular fa-arrow-right ms-2\"><\/i><\/a><\/div><!-- End Button -->\t\t\t\t<\/div>\n\t\t\t\t<\/div>\n\t\t\t\t\t<\/div>\n\t\t<\/div>\n\t\t\t\t\t<\/div>\n\t\t<\/section>\n\t\t\t\t<section class=\"elementor-section elementor-inner-section elementor-element elementor-element-78656c3 elementor-section-boxed elementor-section-height-default elementor-section-height-default\" data-id=\"78656c3\" data-element_type=\"section\" data-e-type=\"section\">\n\t\t\t\t\t\t<div class=\"elementor-container elementor-column-gap-no\">\n\t\t\t\t\t<div class=\"elementor-column elementor-col-100 elementor-inner-column elementor-element elementor-element-ba8ccd8\" data-id=\"ba8ccd8\" data-element_type=\"column\" data-e-type=\"column\">\n\t\t\t<div class=\"elementor-widget-wrap elementor-element-populated\">\n\t\t\t\t\t\t<div class=\"elementor-element elementor-element-bd3148f elementor-widget elementor-widget-edurablog\" data-id=\"bd3148f\" data-element_type=\"widget\" data-e-type=\"widget\" data-widget_type=\"edurablog.default\">\n\t\t\t\t<div class=\"elementor-widget-container\">\n\t\t\t\t\t\t\t\t<div class=\"row slider-shadow th-carousel arrow-wrap\" data-slide-show=\"3\" data-lg-slide-show=\"2\" data-md-slide-show=\"1\" data-sm-slide-show=\"1\" data-arrows=\"true\">\r\n\t\t\t\t\t\t<div class=\"col-md-6 col-xl-4\">\r\n\t\t\t\t<div class=\"th-blog blog-single style4\">\r\n\t\t\t\t\t<div class=\"blog-img\">\r\n\t\t\t\t\t\t<img fetchpriority=\"high\" decoding=\"async\" width=\"442\" height=\"348\" src=\"https:\/\/aglossacademy.com\/wp-content\/uploads\/2023\/12\/hands-of-mature-man-taking-psychological-course-after-coming-back-from-war-442x348.jpg\" class=\"attachment-edura_442X348 size-edura_442X348 wp-post-image\" alt=\"Mains d&#039;un homme m\u00fbr suivant un cours psychologique apr\u00e8s son retour de guerre\" srcset=\"https:\/\/aglossacademy.com\/wp-content\/uploads\/2023\/12\/hands-of-mature-man-taking-psychological-course-after-coming-back-from-war-442x348.jpg 442w, https:\/\/aglossacademy.com\/wp-content\/uploads\/2023\/12\/hands-of-mature-man-taking-psychological-course-after-coming-back-from-war-444x350.jpg 444w\" sizes=\"(max-width: 442px) 100vw, 442px\" \/>\t\t\t\t\t<\/div>\r\n\t\t\t\t\t<div class=\"blog-content\">\r\n\t\t\t\t\t\t<div class=\"blog-meta\">\r\n\t\t\t\t\t\t\t<a class=\"author\" href=\"https:\/\/aglossacademy.com\/fr\/author\/tan-whale-689653-hostingersite-com\/\"><i class=\"fa-light fa-user\"><\/i>Par A-GLOSS<\/a>\r\n                            <a href=\"https:\/\/aglossacademy.com\/fr\/2023\/05\/25\/\"><i class=\"fa-light fa-clock\"><\/i>25 mai 2023<\/a>\r\n\t\t\t\t\t\t<\/div>\r\n\t\t\t\t\t\t<h4 class=\"box-title th-title\"><a href=\"https:\/\/aglossacademy.com\/fr\/guerre-psychologique-et-propagande-comme-action-directe\/\">La guerre psychologique et la propagande en tant qu'action directe<\/a><\/h4>\r\n\t\t\t\t\t\t\t\t\t\t\t\t\t<a href=\"https:\/\/aglossacademy.com\/fr\/guerre-psychologique-et-propagande-comme-action-directe\/\" class=\"link-btn th_btn\">Lire la suite<i class=\"fas fa-arrow-right ms-2\"><\/i><\/a>\r\n\t\t\t\t\t\t\t\t\t\t\t<\/div>\r\n\t\t\t\t<\/div>\r\n\t\t\t<\/div>\r\n\t\t\t\t\t\t<div class=\"col-md-6 col-xl-4\">\r\n\t\t\t\t<div class=\"th-blog blog-single style4\">\r\n\t\t\t\t\t<div class=\"blog-img\">\r\n\t\t\t\t\t\t<img decoding=\"async\" width=\"442\" height=\"348\" src=\"https:\/\/aglossacademy.com\/wp-content\/uploads\/2023\/12\/binary-numbers-on-computer-screen-matrix-background-442x348.jpg\" class=\"attachment-edura_442X348 size-edura_442X348 wp-post-image\" alt=\"Nombres binaires sur fond de matrice d&#039;\u00e9cran d&#039;ordinateur\" srcset=\"https:\/\/aglossacademy.com\/wp-content\/uploads\/2023\/12\/binary-numbers-on-computer-screen-matrix-background-442x348.jpg 442w, https:\/\/aglossacademy.com\/wp-content\/uploads\/2023\/12\/binary-numbers-on-computer-screen-matrix-background-444x350.jpg 444w\" sizes=\"(max-width: 442px) 100vw, 442px\" \/>\t\t\t\t\t<\/div>\r\n\t\t\t\t\t<div class=\"blog-content\">\r\n\t\t\t\t\t\t<div class=\"blog-meta\">\r\n\t\t\t\t\t\t\t<a class=\"author\" href=\"https:\/\/aglossacademy.com\/fr\/author\/tan-whale-689653-hostingersite-com\/\"><i class=\"fa-light fa-user\"><\/i>Par A-GLOSS<\/a>\r\n                            <a href=\"https:\/\/aglossacademy.com\/fr\/2023\/07\/11\/\"><i class=\"fa-light fa-clock\"><\/i>11 juill. 2023<\/a>\r\n\t\t\t\t\t\t<\/div>\r\n\t\t\t\t\t\t<h4 class=\"box-title th-title\"><a href=\"https:\/\/aglossacademy.com\/fr\/une-vente-de-feu-attaque-les-plus-grands-visages-du-perou-au-21e-siecle\/\">Fire Sale Attack : la plus grande menace \u00e0 laquelle il\/elle fait face<\/a><\/h4>\r\n\t\t\t\t\t\t\t\t\t\t\t\t\t<a href=\"https:\/\/aglossacademy.com\/fr\/une-vente-de-feu-attaque-les-plus-grands-visages-du-perou-au-21e-siecle\/\" class=\"link-btn th_btn\">Lire la suite<i class=\"fas fa-arrow-right ms-2\"><\/i><\/a>\r\n\t\t\t\t\t\t\t\t\t\t\t<\/div>\r\n\t\t\t\t<\/div>\r\n\t\t\t<\/div>\r\n\t\t\t\t\t\t<div class=\"col-md-6 col-xl-4\">\r\n\t\t\t\t<div class=\"th-blog blog-single style4\">\r\n\t\t\t\t\t<div class=\"blog-img\">\r\n\t\t\t\t\t\t<img decoding=\"async\" width=\"442\" height=\"348\" src=\"https:\/\/aglossacademy.com\/wp-content\/uploads\/2023\/12\/dangerous-spies-running-from-police-lights-not-risking-to-be-caught-442x348.jpg\" class=\"attachment-edura_442X348 size-edura_442X348 wp-post-image\" alt=\"Des espions dangereux fuyant les feux de la police ne risquent pas de se faire prendre\" srcset=\"https:\/\/aglossacademy.com\/wp-content\/uploads\/2023\/12\/dangerous-spies-running-from-police-lights-not-risking-to-be-caught-442x348.jpg 442w, https:\/\/aglossacademy.com\/wp-content\/uploads\/2023\/12\/dangerous-spies-running-from-police-lights-not-risking-to-be-caught-444x350.jpg 444w\" sizes=\"(max-width: 442px) 100vw, 442px\" \/>\t\t\t\t\t<\/div>\r\n\t\t\t\t\t<div class=\"blog-content\">\r\n\t\t\t\t\t\t<div class=\"blog-meta\">\r\n\t\t\t\t\t\t\t<a class=\"author\" href=\"https:\/\/aglossacademy.com\/fr\/author\/tan-whale-689653-hostingersite-com\/\"><i class=\"fa-light fa-user\"><\/i>Par A-GLOSS<\/a>\r\n                            <a href=\"https:\/\/aglossacademy.com\/fr\/2023\/03\/15\/\"><i class=\"fa-light fa-clock\"><\/i>15 mars 2023<\/a>\r\n\t\t\t\t\t\t<\/div>\r\n\t\t\t\t\t\t<h4 class=\"box-title th-title\"><a href=\"https:\/\/aglossacademy.com\/fr\/outils-devaluation-des-risques-de-radicalisation\/\">Outils d'\u00e9valuation des risques de radicalisation<\/a><\/h4>\r\n\t\t\t\t\t\t\t\t\t\t\t\t\t<a href=\"https:\/\/aglossacademy.com\/fr\/outils-devaluation-des-risques-de-radicalisation\/\" class=\"link-btn th_btn\">Lire la suite<i class=\"fas fa-arrow-right ms-2\"><\/i><\/a>\r\n\t\t\t\t\t\t\t\t\t\t\t<\/div>\r\n\t\t\t\t<\/div>\r\n\t\t\t<\/div>\r\n\t\t\t\t\t<\/div>\r\n\r\n\t\t\t\t\t<\/div>\n\t\t\t\t<\/div>\n\t\t\t\t\t<\/div>\n\t\t<\/div>\n\t\t\t\t\t<\/div>\n\t\t<\/section>\n\t\t\t\t\t<\/div>\n\t\t<\/div>\n\t\t\t\t\t<\/div>\n\t\t<\/section>\n\t\t\t\t<\/div>","protected":false},"excerpt":{"rendered":"<p>Que faisons nous? Nous travaillons avec des sp\u00e9cialistes de la cybers\u00e9curit\u00e9 de Global Security dans la mise en \u0153uvre de techniques de cybers\u00e9curit\u00e9, offrant des conseils et des protocoles personnalis\u00e9s pour prot\u00e9ger l&#039;int\u00e9grit\u00e9 num\u00e9rique des institutions et des entreprises \u00e0 l&#039;\u00e9chelle mondiale. Urgences Experts en gestion des urgences ax\u00e9s sur la r\u00e9solution efficace des crises, fournissant des op\u00e9rations sur site et\u2026<\/p>","protected":false},"author":1,"featured_media":0,"parent":0,"menu_order":0,"comment_status":"closed","ping_status":"closed","template":"template-builder.php","meta":{"footnotes":""},"class_list":["post-388","page","type-page","status-publish","hentry","th-blog blog-single"],"_links":{"self":[{"href":"https:\/\/aglossacademy.com\/fr\/wp-json\/wp\/v2\/pages\/388","targetHints":{"allow":["GET"]}}],"collection":[{"href":"https:\/\/aglossacademy.com\/fr\/wp-json\/wp\/v2\/pages"}],"about":[{"href":"https:\/\/aglossacademy.com\/fr\/wp-json\/wp\/v2\/types\/page"}],"author":[{"embeddable":true,"href":"https:\/\/aglossacademy.com\/fr\/wp-json\/wp\/v2\/users\/1"}],"replies":[{"embeddable":true,"href":"https:\/\/aglossacademy.com\/fr\/wp-json\/wp\/v2\/comments?post=388"}],"version-history":[{"count":5,"href":"https:\/\/aglossacademy.com\/fr\/wp-json\/wp\/v2\/pages\/388\/revisions"}],"predecessor-version":[{"id":7296,"href":"https:\/\/aglossacademy.com\/fr\/wp-json\/wp\/v2\/pages\/388\/revisions\/7296"}],"wp:attachment":[{"href":"https:\/\/aglossacademy.com\/fr\/wp-json\/wp\/v2\/media?parent=388"}],"curies":[{"name":"wp","href":"https:\/\/api.w.org\/{rel}","templated":true}]}}