{"id":3,"date":"2023-11-08T12:58:47","date_gmt":"2023-11-08T11:58:47","guid":{"rendered":"http:\/\/aglossacademy.com\/?page_id=3"},"modified":"2023-12-05T06:14:00","modified_gmt":"2023-12-05T05:14:00","slug":"politique-de-confidentialite","status":"publish","type":"page","link":"https:\/\/aglossacademy.com\/fr\/politique-de-confidentialite\/","title":{"rendered":"Politique de confidentialit\u00e9"},"content":{"rendered":"<h5 class=\"wp-block-heading\">Qui sommes-nous ? <\/h5>\n\n\n\n<p>L'adresse de notre site Web est : <a href=\"http:\/\/aglossacademy.com\/fr\/\">http:\/\/aglossacademy.com<\/a>.<\/p>\n\n\n\n<h5 class=\"wp-block-heading\">Commentaires <\/h5>\n\n\n\n<p>Lorsque les visiteurs laissent des commentaires sur le site, nous recueillons les donn\u00e9es affich\u00e9es dans le formulaire de commentaire, l'adresse IP du visiteur et la cha\u00eene d'agent utilisateur du navigateur pour la d\u00e9tection des pourriels. Un hachage de votre adresse e-mail peut \u00eatre utilis\u00e9 par le service Gravatar. La politique de confidentialit\u00e9 de Gravatar est disponible sur <a href=\"https:\/\/automattic.com\/privacy\/\" target=\"_blank\" rel=\"noopener\">https:\/\/automattic.com\/privacy\/<\/a>. Apr\u00e8s approbation de votre commentaire, votre photo de profil est visible publiquement \u00e0 c\u00f4t\u00e9 de votre commentaire.<\/p>\n\n\n\n<h5 class=\"wp-block-heading\">M\u00e9dias <\/h5>\n\n\n\n<p>Si vous t\u00e9l\u00e9versez des images sur le site, \u00e9vitez de t\u00e9l\u00e9verser des images contenant des donn\u00e9es de localisation (GPS EXIF). Les visiteurs peuvent t\u00e9l\u00e9charger et extraire ces donn\u00e9es de localisation \u00e0 partir des images.<\/p>\n\n\n\n<h5 class=\"wp-block-heading\">Biscuits <\/h5>\n\n\n\n<p>Si vous laissez un commentaire sur notre site, vous pouvez choisir de sauvegarder votre nom, votre adresse e-mail et votre site Web dans des cookies pour plus de confort lors d'une prochaine visite. Ces cookies durent un an. Si vous avez un compte et que vous vous connectez au site, nous installerons un cookie temporaire pour d\u00e9terminer si votre navigateur accepte les cookies. Ce cookie ne contient aucune donn\u00e9e personnelle et est supprim\u00e9 lorsque vous fermez votre navigateur. Lorsque vous vous connectez, nous installerons \u00e9galement des cookies pour sauvegarder vos informations de connexion et vos pr\u00e9f\u00e9rences d'affichage, d'une dur\u00e9e de deux jours et d'un an respectivement. Lorsque vous vous d\u00e9connectez de votre compte, les cookies de connexion seront supprim\u00e9s.<\/p>\n\n\n\n<h5 class=\"wp-block-heading\">Contenu int\u00e9gr\u00e9 provenant d'autres sites Web <\/h5>\n\n\n\n<p>Les articles de ce site peuvent inclure du contenu int\u00e9gr\u00e9. Le contenu int\u00e9gr\u00e9 provenant d'autres sites web se comporte de la m\u00eame mani\u00e8re que si le visiteur avait visit\u00e9 l'autre site. Ces sites peuvent collecter des donn\u00e9es vous concernant, utiliser des cookies et surveiller votre interaction avec ce contenu int\u00e9gr\u00e9.<\/p>\n\n\n\n<h5 class=\"wp-block-heading\">Avec qui partageons-nous vos donn\u00e9es ? <\/h5>\n\n\n\n<p>Si vous demandez une r\u00e9initialisation de mot de passe, votre adresse IP sera incluse dans l'e-mail de r\u00e9initialisation.<\/p>\n\n\n\n<h5 class=\"wp-block-heading\">Combien de temps conservons-nous vos donn\u00e9es ? <\/h5>\n\n\n\n<p>Les commentaires et leurs m\u00e9tadonn\u00e9es sont conserv\u00e9s ind\u00e9finiment. Pour les utilisateurs qui s'inscrivent sur notre site, nous conservons \u00e9galement les informations personnelles qu'ils fournissent dans leur profil utilisateur. Tous les utilisateurs peuvent voir, modifier ou supprimer leurs informations personnelles \u00e0 tout moment. Les administrateurs du site peuvent \u00e9galement voir et modifier ces informations.<\/p>\n\n\n\n<h5 class=\"wp-block-heading\">Quels droits avez-vous concernant vos donn\u00e9es ? <\/h5>\n\n\n\n<p>Si vous avez un compte ou si vous avez laiss\u00e9 des commentaires, vous pouvez demander un fichier export\u00e9 de vos donn\u00e9es personnelles que nous poss\u00e9dons, y compris toute information que vous nous avez fournie. Vous pouvez \u00e9galement demander que nous supprimions toutes les donn\u00e9es personnelles que nous d\u00e9tenons vous concernant.<\/p>\n\n\n\n<h5 class=\"wp-block-heading\">O\u00f9 vos donn\u00e9es sont-elles envoy\u00e9es ? <\/h5>\n\n\n\n<p>Les commentaires des visiteurs peuvent \u00eatre examin\u00e9s par un service de d\u00e9tection automatique de spam.<\/p>","protected":false},"excerpt":{"rendered":"<p>Qui sommes nous? L\u2019adresse de notre site Web est : http:\/\/aglossacademy.com. Commentaires Lorsque les visiteurs laissent des commentaires sur le site Web, nous collectons les donn\u00e9es affich\u00e9es dans le formulaire de commentaires, l&#039;adresse IP du visiteur et la cha\u00eene de l&#039;agent utilisateur du navigateur pour d\u00e9tecter le spam. Un hachage de votre email peut \u00eatre utilis\u00e9\u2026<\/p>","protected":false},"author":1,"featured_media":0,"parent":0,"menu_order":0,"comment_status":"closed","ping_status":"closed","template":"","meta":{"footnotes":""},"class_list":["post-3","page","type-page","status-publish","hentry","page--item"],"_links":{"self":[{"href":"https:\/\/aglossacademy.com\/fr\/wp-json\/wp\/v2\/pages\/3","targetHints":{"allow":["GET"]}}],"collection":[{"href":"https:\/\/aglossacademy.com\/fr\/wp-json\/wp\/v2\/pages"}],"about":[{"href":"https:\/\/aglossacademy.com\/fr\/wp-json\/wp\/v2\/types\/page"}],"author":[{"embeddable":true,"href":"https:\/\/aglossacademy.com\/fr\/wp-json\/wp\/v2\/users\/1"}],"replies":[{"embeddable":true,"href":"https:\/\/aglossacademy.com\/fr\/wp-json\/wp\/v2\/comments?post=3"}],"version-history":[{"count":0,"href":"https:\/\/aglossacademy.com\/fr\/wp-json\/wp\/v2\/pages\/3\/revisions"}],"wp:attachment":[{"href":"https:\/\/aglossacademy.com\/fr\/wp-json\/wp\/v2\/media?parent=3"}],"curies":[{"name":"wp","href":"https:\/\/api.w.org\/{rel}","templated":true}]}}